{"id":1098,"date":"2017-04-25T18:23:59","date_gmt":"2017-04-25T16:23:59","guid":{"rendered":"http:\/\/www.caminsvius.com\/?page_id=1098\/"},"modified":"2017-05-04T17:36:59","modified_gmt":"2017-05-04T15:36:59","slug":"pn-aiguestortes-sant-maurici","status":"publish","type":"page","link":"https:\/\/www.caminsvius.com\/es\/pn-aiguestortes-sant-maurici\/","title":{"rendered":"PN de Aig\u00fcestortes i Estany de Sant Maurici"},"content":{"rendered":"<p>[et_pb_section bb_built=\u00bb1&#8243; admin_label=\u00bbsection\u00bb fullwidth=\u00bbon\u00bb specialty=\u00bboff\u00bb][et_pb_fullwidth_slider admin_label=\u00bbControl deslizante de anchura completa\u00bb show_arrows=\u00bboff\u00bb show_pagination=\u00bboff\u00bb auto=\u00bboff\u00bb auto_ignore_hover=\u00bboff\u00bb parallax=\u00bbon\u00bb parallax_method=\u00bboff\u00bb remove_inner_shadow=\u00bboff\u00bb background_position=\u00bbdefault\u00bb background_size=\u00bbdefault\u00bb hide_content_on_mobile=\u00bboff\u00bb hide_cta_on_mobile=\u00bboff\u00bb show_image_video_mobile=\u00bboff\u00bb custom_button=\u00bboff\u00bb button_letter_spacing=\u00bb0&#8243; button_use_icon=\u00bbdefault\u00bb button_icon_placement=\u00bbright\u00bb button_on_hover=\u00bbon\u00bb button_letter_spacing_hover=\u00bb0&#8243;] [et_pb_slide background_image=\u00bbhttp:\/\/www.caminsvius.com\/wp-content\/uploads\/2016\/12\/Llac-Sant-Maurici.jpg\u00bb background_position=\u00bbdefault\u00bb background_size=\u00bbdefault\u00bb background_color=\u00bb#ffffff\u00bb use_bg_overlay=\u00bbon\u00bb use_text_overlay=\u00bboff\u00bb alignment=\u00bbcenter\u00bb background_layout=\u00bbdark\u00bb allow_player_pause=\u00bboff\u00bb text_border_radius=\u00bb3&#8243; header_font_select=\u00bbdefault\u00bb header_font=\u00bb|on|||\u00bb body_font_select=\u00bbdefault\u00bb body_font=\u00bb||||\u00bb custom_button=\u00bboff\u00bb button_font_select=\u00bbdefault\u00bb button_font=\u00bb||||\u00bb button_use_icon=\u00bbdefault\u00bb button_icon_placement=\u00bbright\u00bb button_on_hover=\u00bbon\u00bb heading=\u00bbParque Nacional de Aig\u00fcestortes i Estany de Sant Maurici\u00bb header_font_size=\u00bb55&#8243; header_font_size_tablet=\u00bb55&#8243; header_font_size_phone=\u00bb55&#8243; header_line_height=\u00bb1.3em\u00bb header_line_height_tablet=\u00bb1.8em\u00bb header_line_height_phone=\u00bb1.8em\u00bb bg_overlay_color=\u00bbrgba(39,50,58,0.3)\u00bb \/] [\/et_pb_fullwidth_slider][\/et_pb_section][et_pb_section bb_built=\u00bb1&#8243; admin_label=\u00bbSecci\u00f3n\u00bb fullwidth=\u00bboff\u00bb specialty=\u00bboff\u00bb][et_pb_row admin_label=\u00bbFila\u00bb make_fullwidth=\u00bboff\u00bb use_custom_width=\u00bbon\u00bb width_unit=\u00bboff\u00bb custom_width_percent=\u00bb70%\u00bb use_custom_gutter=\u00bboff\u00bb allow_player_pause=\u00bboff\u00bb parallax=\u00bboff\u00bb parallax_method=\u00bboff\u00bb make_equal=\u00bboff\u00bb parallax_1=\u00bboff\u00bb parallax_method_1=\u00bboff\u00bb][et_pb_column type=\u00bb4_4&#8243;][et_pb_text admin_label=\u00bbTexto\u00bb background_layout=\u00bblight\u00bb text_orientation=\u00bbcenter\u00bb text_font_size=\u00bb16&#8243; text_line_height=\u00bb1.8em\u00bb use_border_color=\u00bboff\u00bb border_color=\u00bb#ffffff\u00bb border_style=\u00bbsolid\u00bb]<\/p>\n<p>El <strong>Parque Nacional de Aig\u00fcestortes i\u00a0Estany\u00a0de Sant Maurici<\/strong>\u00a0es uno de los quince espacios naturales incluidos en la Red de Parques Nacionales de Espa\u00f1a y el \u00fanico Parque Nacional de Catalu\u00f1a. Su superficie de m\u00e1s de 40.000 ha est\u00e1 repartida entre cuatro comarcas que tienen un rico patrimonio natural y cultural: la Alta Ribagor\u00e7a, Pallars Sobir\u00e0, Pallars Juss\u00e0 y la Val d&#8217;Aran. Es la representaci\u00f3n m\u00e1s genuina de la alta monta\u00f1a y es \u00fanico por la majestuosidad de sus paisaje y por su riqueza en paisajes, flora y fauna.<\/p>\n<p>Sus valles, rodeadas de picos de m\u00e1s de 3.000 m de altura, atesoran una magn\u00edfica representaci\u00f3n de todos los elementos que caracterizan la alta monta\u00f1a pirenaica, tanto en sus formaciones geol\u00f3gicas como en su flora y fauna. El agua es quiz\u00e1s el elemento m\u00e1s caracter\u00edstico del Parque, sea en forma de nieve, r\u00edos, cascadas o formando parte de los m\u00e1s de 200 lagos que est\u00e1n repartidos por su geograf\u00eda y que dan a este espacio natural de protecci\u00f3n especial un car\u00e1cter \u00fanico e irrepetible.<\/p>\n<p>Ofrece, durante todo el a\u00f1o, un programa de actividades muy completo y adaptado a todos los p\u00fablicos: salidas con gu\u00edas interpretadores, excursiones con raquetas de nieve en invierno, jornadas, exposiciones, etc.<\/p>\n<p>&nbsp;<\/p>\n<p>[\/et_pb_text][et_pb_divider admin_label=\u00bbDivider\u00bb color=\u00bb#ffffff\u00bb show_divider=\u00bboff\u00bb height=\u00bb20&#8243; divider_style=\u00bbsolid\u00bb divider_position=\u00bbtop\u00bb hide_on_mobile=\u00bbon\u00bb \/][\/et_pb_column][\/et_pb_row][et_pb_row admin_label=\u00bbRow\u00bb][et_pb_column type=\u00bb1_2&#8243;][et_pb_image admin_label=\u00bbImage\u00bb src=\u00bbhttp:\/\/www.caminsvius.com\/wp-content\/uploads\/2017\/01\/square_gencianas.jpg\u00bb show_in_lightbox=\u00bboff\u00bb url_new_window=\u00bboff\u00bb use_overlay=\u00bboff\u00bb animation=\u00bboff\u00bb sticky=\u00bboff\u00bb align=\u00bbcenter\u00bb force_fullwidth=\u00bboff\u00bb always_center_on_mobile=\u00bbon\u00bb use_border_color=\u00bboff\u00bb border_color=\u00bb#ffffff\u00bb border_style=\u00bbsolid\u00bb \/][\/et_pb_column][et_pb_column type=\u00bb1_2&#8243;][et_pb_image admin_label=\u00bbImage\u00bb src=\u00bbhttp:\/\/www.caminsvius.com\/wp-content\/uploads\/2017\/01\/square_colomers.jpg\u00bb show_in_lightbox=\u00bboff\u00bb url_new_window=\u00bboff\u00bb use_overlay=\u00bboff\u00bb animation=\u00bboff\u00bb sticky=\u00bboff\u00bb align=\u00bbcenter\u00bb force_fullwidth=\u00bboff\u00bb always_center_on_mobile=\u00bbon\u00bb use_border_color=\u00bboff\u00bb border_color=\u00bb#ffffff\u00bb border_style=\u00bbsolid\u00bb \/][\/et_pb_column][\/et_pb_row][et_pb_row admin_label=\u00bbRow\u00bb use_custom_width=\u00bbon\u00bb width_unit=\u00bboff\u00bb custom_width_percent=\u00bb50%\u00bb parallax_method_1=\u00bboff\u00bb make_fullwidth=\u00bboff\u00bb use_custom_gutter=\u00bboff\u00bb allow_player_pause=\u00bboff\u00bb parallax=\u00bboff\u00bb parallax_method=\u00bbon\u00bb make_equal=\u00bboff\u00bb parallax_1=\u00bboff\u00bb][et_pb_column type=\u00bb4_4&#8243;][et_pb_divider admin_label=\u00bbDivider\u00bb height=\u00bb40&#8243; color=\u00bb#ffffff\u00bb show_divider=\u00bboff\u00bb divider_style=\u00bbsolid\u00bb divider_position=\u00bbtop\u00bb hide_on_mobile=\u00bbon\u00bb \/][et_pb_cta admin_label=\u00bbCall To Action\u00bb title=\u00bb%22 Desde el punto de vista cultural, en el Parque Nacional no s\u00f3lo hay animales y plantas sino que tambi\u00e9n hay palabras en todos los lugares, hay leyendas y maneras de hacer relacionadas con el elemento humano que es uno de los activos m\u00e1s importantes de nuestra tierra. %22&#8243; use_background_color=\u00bboff\u00bb background_layout=\u00bblight\u00bb header_font_size=\u00bb25&#8243; header_text_color=\u00bb#2db54e\u00bb body_font_size=\u00bb16&#8243; url_new_window=\u00bboff\u00bb background_color=\u00bb#2db54e\u00bb text_orientation=\u00bbcenter\u00bb use_border_color=\u00bboff\u00bb border_color=\u00bb#ffffff\u00bb border_style=\u00bbsolid\u00bb custom_button=\u00bboff\u00bb button_letter_spacing=\u00bb0&#8243; button_use_icon=\u00bbdefault\u00bb button_icon_placement=\u00bbright\u00bb button_on_hover=\u00bbon\u00bb button_letter_spacing_hover=\u00bb0&#8243; body_line_height=\u00bb2em\u00bb]<\/p>\n<p>Pep Coll<\/p>\n<p>&nbsp;<\/p>\n<p>[\/et_pb_cta][et_pb_divider admin_label=\u00bbDivider\u00bb height=\u00bb40&#8243; color=\u00bb#ffffff\u00bb show_divider=\u00bboff\u00bb divider_style=\u00bbsolid\u00bb divider_position=\u00bbtop\u00bb hide_on_mobile=\u00bbon\u00bb \/][\/et_pb_column][\/et_pb_row][et_pb_row admin_label=\u00bbRow\u00bb][et_pb_column type=\u00bb1_2&#8243;][et_pb_image admin_label=\u00bbImage\u00bb src=\u00bbhttp:\/\/www.caminsvius.com\/wp-content\/uploads\/2017\/01\/square_senderistas.jpg\u00bb show_in_lightbox=\u00bboff\u00bb url_new_window=\u00bboff\u00bb use_overlay=\u00bboff\u00bb animation=\u00bboff\u00bb sticky=\u00bboff\u00bb align=\u00bbcenter\u00bb force_fullwidth=\u00bboff\u00bb always_center_on_mobile=\u00bbon\u00bb use_border_color=\u00bboff\u00bb border_color=\u00bb#ffffff\u00bb border_style=\u00bbsolid\u00bb \/][\/et_pb_column][et_pb_column type=\u00bb1_2&#8243;][et_pb_image admin_label=\u00bbImage\u00bb src=\u00bbhttp:\/\/www.caminsvius.com\/wp-content\/uploads\/2017\/01\/parc-n.jpg\u00bb show_in_lightbox=\u00bboff\u00bb url_new_window=\u00bboff\u00bb use_overlay=\u00bboff\u00bb animation=\u00bboff\u00bb sticky=\u00bboff\u00bb align=\u00bbcenter\u00bb force_fullwidth=\u00bboff\u00bb always_center_on_mobile=\u00bbon\u00bb use_border_color=\u00bboff\u00bb border_color=\u00bb#ffffff\u00bb border_style=\u00bbsolid\u00bb \/][\/et_pb_column][\/et_pb_row][\/et_pb_section][et_pb_section bb_built=\u00bb1&#8243; admin_label=\u00bbSection\u00bb fullwidth=\u00bboff\u00bb specialty=\u00bboff\u00bb][et_pb_row admin_label=\u00bbFila\u00bb make_fullwidth=\u00bboff\u00bb use_custom_width=\u00bbon\u00bb width_unit=\u00bboff\u00bb custom_width_px=\u00bb60%\u00bb custom_width_percent=\u00bb60%\u00bb use_custom_gutter=\u00bboff\u00bb padding_mobile=\u00bboff\u00bb allow_player_pause=\u00bboff\u00bb parallax=\u00bboff\u00bb parallax_method=\u00bboff\u00bb make_equal=\u00bboff\u00bb column_padding_mobile=\u00bbon\u00bb parallax_1=\u00bboff\u00bb parallax_method_1=\u00bboff\u00bb parallax_2=\u00bboff\u00bb parallax_method_2=\u00bbon\u00bb parallax_3=\u00bboff\u00bb parallax_method_3=\u00bbon\u00bb parallax_4=\u00bboff\u00bb parallax_method_4=\u00bbon\u00bb disabled=\u00bboff\u00bb][et_pb_column type=\u00bb4_4&#8243;][et_pb_cta admin_label=\u00bbLlamada a la acci\u00f3n\u00bb title=\u00bbLa traves\u00eda de los Encantats en 5 etapas\u00bb button_url=\u00bbhttp:\/\/www.caminsvius.com\/5-etapas\/\u00bb url_new_window=\u00bboff\u00bb button_text=\u00bb\u00a1Desc\u00fabrela!\u00bb use_background_color=\u00bboff\u00bb background_color=\u00bb#7EBEC5&#8243; background_layout=\u00bblight\u00bb text_orientation=\u00bbcenter\u00bb header_font=\u00bbLato||||\u00bb body_font=\u00bbLato||||\u00bb body_font_size=\u00bb16&#8243; use_border_color=\u00bboff\u00bb border_color=\u00bb#ffffff\u00bb border_style=\u00bbsolid\u00bb custom_button=\u00bbon\u00bb button_text_size=\u00bb18&#8243; button_text_color=\u00bb#ffffff\u00bb button_border_color=\u00bb#2db54e\u00bb button_letter_spacing=\u00bb0&#8243; button_use_icon=\u00bboff\u00bb button_icon_placement=\u00bbright\u00bb button_on_hover=\u00bboff\u00bb button_letter_spacing_hover=\u00bb0&#8243; disabled=\u00bboff\u00bb button_border_radius=\u00bb0&#8243; button_border_radius_hover=\u00bb0&#8243; button_bg_color=\u00bb#2db54e\u00bb]<\/p>\n<p>Una ruta a pie autoguiada de 5 etapas que te llevar\u00e1 por los caminos hist\u00f3ricos que atraviesan el Parque por las zonas de mayor belleza.<\/p>\n<p>&nbsp;<\/p>\n<p>[\/et_pb_cta][et_pb_divider admin_label=\u00bbDivider\u00bb color=\u00bb#ffffff\u00bb show_divider=\u00bboff\u00bb height=\u00bb40&#8243; divider_style=\u00bbsolid\u00bb divider_position=\u00bbtop\u00bb hide_on_mobile=\u00bbon\u00bb \/][\/et_pb_column][\/et_pb_row][\/et_pb_section][et_pb_section bb_built=\u00bb1&#8243; admin_label=\u00bbSecci\u00f3n\u00bb fullwidth=\u00bboff\u00bb specialty=\u00bboff\u00bb transparent_background=\u00bboff\u00bb background_color=\u00bb#ededed\u00bb allow_player_pause=\u00bboff\u00bb inner_shadow=\u00bboff\u00bb parallax=\u00bboff\u00bb parallax_method=\u00bboff\u00bb make_fullwidth=\u00bboff\u00bb use_custom_width=\u00bboff\u00bb width_unit=\u00bbon\u00bb make_equal=\u00bboff\u00bb use_custom_gutter=\u00bboff\u00bb][et_pb_row admin_label=\u00bbRow\u00bb][et_pb_column type=\u00bb1_3&#8243;][et_pb_blurb admin_label=\u00bbAnuncio\u00bb url_new_window=\u00bboff\u00bb use_icon=\u00bbon\u00bb icon_color=\u00bb#27323a\u00bb use_circle=\u00bboff\u00bb circle_color=\u00bb#27323a\u00bb use_circle_border=\u00bbon\u00bb circle_border_color=\u00bb#27323a\u00bb icon_placement=\u00bbleft\u00bb animation=\u00bboff\u00bb background_layout=\u00bblight\u00bb text_orientation=\u00bbleft\u00bb use_icon_font_size=\u00bbon\u00bb use_border_color=\u00bboff\u00bb border_color=\u00bb#ffffff\u00bb border_style=\u00bbsolid\u00bb font_icon=\u00bb%%216%%\u00bb icon_font_size=\u00bb30&#8243; title=\u00bbDatos de inter\u00e9s del Parque\u00bb header_font=\u00bb|on|||\u00bb]<\/p>\n<p>&nbsp;<\/p>\n<p><a href=\"http:\/\/parcsnaturals.gencat.cat\/ca\/aiguestortes\" target=\"_blank\" rel=\"noopener noreferrer\">Web oficial del Parque Nacional<\/a><\/p>\n<p>pnaiguestortes@gencat.cat<br \/>\ninfo.aiguestortes@oapn.es<\/p>\n<p>&nbsp;<\/p>\n<p>[\/et_pb_blurb][\/et_pb_column][et_pb_column type=\u00bb1_3&#8243;][et_pb_blurb admin_label=\u00bbAnuncio\u00bb url_new_window=\u00bboff\u00bb use_icon=\u00bbon\u00bb icon_color=\u00bb#27323a\u00bb use_circle=\u00bboff\u00bb circle_color=\u00bb#27323a\u00bb use_circle_border=\u00bbon\u00bb circle_border_color=\u00bb#27323a\u00bb icon_placement=\u00bbleft\u00bb animation=\u00bboff\u00bb background_layout=\u00bblight\u00bb text_orientation=\u00bbleft\u00bb use_icon_font_size=\u00bbon\u00bb use_border_color=\u00bboff\u00bb border_color=\u00bb#ffffff\u00bb border_style=\u00bbsolid\u00bb font_icon=\u00bb%%104%%\u00bb icon_font_size=\u00bb30&#8243; title=\u00bbTel\u00e9fonos de inter\u00e9s\u00bb header_font=\u00bb|on|||\u00bb]<\/p>\n<p>Centro de informaci\u00f3n de Llessui<br \/>\n+ 34 973 62 17 98<br \/>\nCentro de informaci\u00f3n de Senet La Serrer\u00eda<br \/>\n+ 34 973 69 82 32<br \/>\nCasa del Parque de Bo\u00ed<br \/>\n+ 34 973 69 61 89<br \/>\nCasa del Parque de Espot<br \/>\n+ 34 973 62 40 36<\/p>\n<p>&nbsp;<\/p>\n<p>[\/et_pb_blurb][\/et_pb_column][et_pb_column type=\u00bb1_3&#8243;][et_pb_blurb admin_label=\u00bbAnuncio\u00bb url_new_window=\u00bboff\u00bb use_icon=\u00bbon\u00bb icon_color=\u00bb#27323a\u00bb use_circle=\u00bboff\u00bb circle_color=\u00bb#27323a\u00bb use_circle_border=\u00bbon\u00bb circle_border_color=\u00bb#27323a\u00bb icon_placement=\u00bbleft\u00bb animation=\u00bboff\u00bb background_layout=\u00bblight\u00bb text_orientation=\u00bbleft\u00bb use_icon_font_size=\u00bbon\u00bb use_border_color=\u00bboff\u00bb border_color=\u00bb#ffffff\u00bb border_style=\u00bbsolid\u00bb font_icon=\u00bb%%124%%\u00bb icon_font_size=\u00bb30&#8243; title=\u00bbPlanos\u00bb header_font=\u00bb|on|||\u00bb]<\/p>\n<p>&nbsp;<\/p>\n<p>Plano del Parque Nacional de Aig\u00fcestortes i\u00a0Estany de Sant Maurici<br \/>\n<a href=\"http:\/\/parcsnaturals.gencat.cat\/web\/.content\/home\/aiguestortes_estany_sant_maurici\/visitans\/guia_visita\/planol\/planol_del_parc_cat.pdf\" target=\"_blank\" rel=\"noopener noreferrer\" class=\"broken_link\">Visualiza<\/a><\/p>\n<p>Plano-Guia del Parque Nacional de Aig\u00fcestortes i Estany de Sant Maurici<br \/>\n<a href=\"http:\/\/parcsnaturals.gencat.cat\/web\/.content\/home\/aiguestortes_estany_sant_maurici\/visitans\/guia_visita\/PNASM_planol_guia_LRv4.pdf\" target=\"_blank\" rel=\"noopener noreferrer\" class=\"broken_link\">Visualiza<\/a><\/p>\n<p>&nbsp;<\/p>\n<p>[\/et_pb_blurb][\/et_pb_column][\/et_pb_row][\/et_pb_section]<\/p>\n","protected":false},"excerpt":{"rendered":"<p>[et_pb_section bb_built=\u00bb1&#8243; admin_label=\u00bbsection\u00bb fullwidth=\u00bbon\u00bb specialty=\u00bboff\u00bb][et_pb_fullwidth_slider admin_label=\u00bbControl deslizante de anchura completa\u00bb show_arrows=\u00bboff\u00bb show_pagination=\u00bboff\u00bb auto=\u00bboff\u00bb auto_ignore_hover=\u00bboff\u00bb parallax=\u00bbon\u00bb parallax_method=\u00bboff\u00bb remove_inner_shadow=\u00bboff\u00bb background_position=\u00bbdefault\u00bb background_size=\u00bbdefault\u00bb hide_content_on_mobile=\u00bboff\u00bb hide_cta_on_mobile=\u00bboff\u00bb show_image_video_mobile=\u00bboff\u00bb custom_button=\u00bboff\u00bb button_letter_spacing=\u00bb0&#8243; button_use_icon=\u00bbdefault\u00bb button_icon_placement=\u00bbright\u00bb button_on_hover=\u00bbon\u00bb button_letter_spacing_hover=\u00bb0&#8243;] [et_pb_slide background_image=\u00bbhttp:\/\/www.caminsvius.com\/wp-content\/uploads\/2016\/12\/Llac-Sant-Maurici.jpg\u00bb background_position=\u00bbdefault\u00bb background_size=\u00bbdefault\u00bb background_color=\u00bb#ffffff\u00bb use_bg_overlay=\u00bbon\u00bb use_text_overlay=\u00bboff\u00bb alignment=\u00bbcenter\u00bb background_layout=\u00bbdark\u00bb allow_player_pause=\u00bboff\u00bb text_border_radius=\u00bb3&#8243; header_font_select=\u00bbdefault\u00bb header_font=\u00bb|on|||\u00bb body_font_select=\u00bbdefault\u00bb body_font=\u00bb||||\u00bb custom_button=\u00bboff\u00bb button_font_select=\u00bbdefault\u00bb button_font=\u00bb||||\u00bb button_use_icon=\u00bbdefault\u00bb button_icon_placement=\u00bbright\u00bb button_on_hover=\u00bbon\u00bb heading=\u00bbParque Nacional de Aig\u00fcestortes i Estany [&hellip;]<\/p>\n","protected":false},"author":4,"featured_media":0,"parent":0,"menu_order":0,"comment_status":"closed","ping_status":"closed","template":"","meta":{"_et_pb_use_builder":"on","_et_pb_old_content":"","_et_gb_content_width":"","footnotes":""},"class_list":["post-1098","page","type-page","status-publish","hentry"],"yoast_head":"<!-- This site is optimized with the Yoast SEO plugin v23.9 - https:\/\/yoast.com\/wordpress\/plugins\/seo\/ -->\n<title>Camins Vius | Parque Nacional de Aig\u00fcestortes y Estany de San Maurici<\/title>\n<meta name=\"description\" content=\"El Parque Nacional de Aig\u00fcestortes y Estany de Sant Maurici es la representaci\u00f3n mas genuina de la alta monta\u00f1a por la majestuosidad de sus paisajes.\" \/>\n<meta name=\"robots\" content=\"index, follow, max-snippet:-1, max-image-preview:large, max-video-preview:-1\" \/>\n<link rel=\"canonical\" href=\"https:\/\/www.caminsvius.com\/es\/pn-aiguestortes-sant-maurici\/\" \/>\n<meta property=\"og:locale\" content=\"es_ES\" \/>\n<meta property=\"og:type\" content=\"article\" \/>\n<meta property=\"og:title\" content=\"Camins Vius | Parque Nacional de Aig\u00fcestortes y Estany de San Maurici\" \/>\n<meta property=\"og:description\" content=\"El Parque Nacional de Aig\u00fcestortes y Estany de Sant Maurici es la representaci\u00f3n mas genuina de la alta monta\u00f1a por la majestuosidad de sus paisajes.\" \/>\n<meta property=\"og:url\" content=\"https:\/\/www.caminsvius.com\/es\/pn-aiguestortes-sant-maurici\/\" \/>\n<meta property=\"og:site_name\" content=\"Camins Vius\" \/>\n<meta property=\"article:modified_time\" content=\"2017-05-04T15:36:59+00:00\" \/>\n<meta name=\"twitter:card\" content=\"summary_large_image\" \/>\n<meta name=\"twitter:label1\" content=\"Tiempo de lectura\" \/>\n\t<meta name=\"twitter:data1\" content=\"8 minutos\" \/>\n<script type=\"application\/ld+json\" class=\"yoast-schema-graph\">{\"@context\":\"https:\/\/schema.org\",\"@graph\":[{\"@type\":\"WebPage\",\"@id\":\"https:\/\/www.caminsvius.com\/es\/pn-aiguestortes-sant-maurici\/\",\"url\":\"https:\/\/www.caminsvius.com\/es\/pn-aiguestortes-sant-maurici\/\",\"name\":\"Camins Vius | Parque Nacional de Aig\u00fcestortes y Estany de San Maurici\",\"isPartOf\":{\"@id\":\"https:\/\/www.caminsvius.com\/#website\"},\"datePublished\":\"2017-04-25T16:23:59+00:00\",\"dateModified\":\"2017-05-04T15:36:59+00:00\",\"description\":\"El Parque Nacional de Aig\u00fcestortes y Estany de Sant Maurici es la representaci\u00f3n mas genuina de la alta monta\u00f1a por la majestuosidad de sus paisajes.\",\"breadcrumb\":{\"@id\":\"https:\/\/www.caminsvius.com\/es\/pn-aiguestortes-sant-maurici\/#breadcrumb\"},\"inLanguage\":\"es\",\"potentialAction\":[{\"@type\":\"ReadAction\",\"target\":[\"https:\/\/www.caminsvius.com\/es\/pn-aiguestortes-sant-maurici\/\"]}]},{\"@type\":\"BreadcrumbList\",\"@id\":\"https:\/\/www.caminsvius.com\/es\/pn-aiguestortes-sant-maurici\/#breadcrumb\",\"itemListElement\":[{\"@type\":\"ListItem\",\"position\":1,\"name\":\"Portada\",\"item\":\"https:\/\/www.caminsvius.com\/es\/\"},{\"@type\":\"ListItem\",\"position\":2,\"name\":\"PN de Aig\u00fcestortes i Estany de Sant Maurici\"}]},{\"@type\":\"WebSite\",\"@id\":\"https:\/\/www.caminsvius.com\/#website\",\"url\":\"https:\/\/www.caminsvius.com\/\",\"name\":\"Camins Vius\",\"description\":\"Camins Vius\",\"publisher\":{\"@id\":\"https:\/\/www.caminsvius.com\/#organization\"},\"potentialAction\":[{\"@type\":\"SearchAction\",\"target\":{\"@type\":\"EntryPoint\",\"urlTemplate\":\"https:\/\/www.caminsvius.com\/?s={search_term_string}\"},\"query-input\":{\"@type\":\"PropertyValueSpecification\",\"valueRequired\":true,\"valueName\":\"search_term_string\"}}],\"inLanguage\":\"es\"},{\"@type\":\"Organization\",\"@id\":\"https:\/\/www.caminsvius.com\/#organization\",\"name\":\"Camins Vius\",\"url\":\"https:\/\/www.caminsvius.com\/\",\"logo\":{\"@type\":\"ImageObject\",\"inLanguage\":\"es\",\"@id\":\"https:\/\/www.caminsvius.com\/#\/schema\/logo\/image\/\",\"url\":\"https:\/\/www.caminsvius.com\/wp-content\/uploads\/2016\/12\/logo_caminsvius.png\",\"contentUrl\":\"https:\/\/www.caminsvius.com\/wp-content\/uploads\/2016\/12\/logo_caminsvius.png\",\"width\":659,\"height\":410,\"caption\":\"Camins Vius\"},\"image\":{\"@id\":\"https:\/\/www.caminsvius.com\/#\/schema\/logo\/image\/\"}}]}<\/script>\n<!-- \/ Yoast SEO plugin. -->","yoast_head_json":{"title":"Camins Vius | Parque Nacional de Aig\u00fcestortes y Estany de San Maurici","description":"El Parque Nacional de Aig\u00fcestortes y Estany de Sant Maurici es la representaci\u00f3n mas genuina de la alta monta\u00f1a por la majestuosidad de sus paisajes.","robots":{"index":"index","follow":"follow","max-snippet":"max-snippet:-1","max-image-preview":"max-image-preview:large","max-video-preview":"max-video-preview:-1"},"canonical":"https:\/\/www.caminsvius.com\/es\/pn-aiguestortes-sant-maurici\/","og_locale":"es_ES","og_type":"article","og_title":"Camins Vius | Parque Nacional de Aig\u00fcestortes y Estany de San Maurici","og_description":"El Parque Nacional de Aig\u00fcestortes y Estany de Sant Maurici es la representaci\u00f3n mas genuina de la alta monta\u00f1a por la majestuosidad de sus paisajes.","og_url":"https:\/\/www.caminsvius.com\/es\/pn-aiguestortes-sant-maurici\/","og_site_name":"Camins Vius","article_modified_time":"2017-05-04T15:36:59+00:00","twitter_card":"summary_large_image","twitter_misc":{"Tiempo de lectura":"8 minutos"},"schema":{"@context":"https:\/\/schema.org","@graph":[{"@type":"WebPage","@id":"https:\/\/www.caminsvius.com\/es\/pn-aiguestortes-sant-maurici\/","url":"https:\/\/www.caminsvius.com\/es\/pn-aiguestortes-sant-maurici\/","name":"Camins Vius | Parque Nacional de Aig\u00fcestortes y Estany de San Maurici","isPartOf":{"@id":"https:\/\/www.caminsvius.com\/#website"},"datePublished":"2017-04-25T16:23:59+00:00","dateModified":"2017-05-04T15:36:59+00:00","description":"El Parque Nacional de Aig\u00fcestortes y Estany de Sant Maurici es la representaci\u00f3n mas genuina de la alta monta\u00f1a por la majestuosidad de sus paisajes.","breadcrumb":{"@id":"https:\/\/www.caminsvius.com\/es\/pn-aiguestortes-sant-maurici\/#breadcrumb"},"inLanguage":"es","potentialAction":[{"@type":"ReadAction","target":["https:\/\/www.caminsvius.com\/es\/pn-aiguestortes-sant-maurici\/"]}]},{"@type":"BreadcrumbList","@id":"https:\/\/www.caminsvius.com\/es\/pn-aiguestortes-sant-maurici\/#breadcrumb","itemListElement":[{"@type":"ListItem","position":1,"name":"Portada","item":"https:\/\/www.caminsvius.com\/es\/"},{"@type":"ListItem","position":2,"name":"PN de Aig\u00fcestortes i Estany de Sant Maurici"}]},{"@type":"WebSite","@id":"https:\/\/www.caminsvius.com\/#website","url":"https:\/\/www.caminsvius.com\/","name":"Camins Vius","description":"Camins Vius","publisher":{"@id":"https:\/\/www.caminsvius.com\/#organization"},"potentialAction":[{"@type":"SearchAction","target":{"@type":"EntryPoint","urlTemplate":"https:\/\/www.caminsvius.com\/?s={search_term_string}"},"query-input":{"@type":"PropertyValueSpecification","valueRequired":true,"valueName":"search_term_string"}}],"inLanguage":"es"},{"@type":"Organization","@id":"https:\/\/www.caminsvius.com\/#organization","name":"Camins Vius","url":"https:\/\/www.caminsvius.com\/","logo":{"@type":"ImageObject","inLanguage":"es","@id":"https:\/\/www.caminsvius.com\/#\/schema\/logo\/image\/","url":"https:\/\/www.caminsvius.com\/wp-content\/uploads\/2016\/12\/logo_caminsvius.png","contentUrl":"https:\/\/www.caminsvius.com\/wp-content\/uploads\/2016\/12\/logo_caminsvius.png","width":659,"height":410,"caption":"Camins Vius"},"image":{"@id":"https:\/\/www.caminsvius.com\/#\/schema\/logo\/image\/"}}]}},"_links":{"self":[{"href":"https:\/\/www.caminsvius.com\/es\/wp-json\/wp\/v2\/pages\/1098","targetHints":{"allow":["GET"]}}],"collection":[{"href":"https:\/\/www.caminsvius.com\/es\/wp-json\/wp\/v2\/pages"}],"about":[{"href":"https:\/\/www.caminsvius.com\/es\/wp-json\/wp\/v2\/types\/page"}],"author":[{"embeddable":true,"href":"https:\/\/www.caminsvius.com\/es\/wp-json\/wp\/v2\/users\/4"}],"replies":[{"embeddable":true,"href":"https:\/\/www.caminsvius.com\/es\/wp-json\/wp\/v2\/comments?post=1098"}],"version-history":[{"count":5,"href":"https:\/\/www.caminsvius.com\/es\/wp-json\/wp\/v2\/pages\/1098\/revisions"}],"predecessor-version":[{"id":1174,"href":"https:\/\/www.caminsvius.com\/es\/wp-json\/wp\/v2\/pages\/1098\/revisions\/1174"}],"wp:attachment":[{"href":"https:\/\/www.caminsvius.com\/es\/wp-json\/wp\/v2\/media?parent=1098"}],"curies":[{"name":"wp","href":"https:\/\/api.w.org\/{rel}","templated":true}]}}