{"id":1116,"date":"2017-04-25T19:36:09","date_gmt":"2017-04-25T17:36:09","guid":{"rendered":"http:\/\/www.caminsvius.com\/?page_id=1116\/"},"modified":"2017-05-02T17:30:51","modified_gmt":"2017-05-02T15:30:51","slug":"ruta-del-garona","status":"publish","type":"page","link":"https:\/\/www.caminsvius.com\/es\/ruta-del-garona\/","title":{"rendered":"Ruta del Garona"},"content":{"rendered":"<p>[et_pb_section bb_built=\u00bb1&#8243; admin_label=\u00bbSecci\u00f3n\u00bb fullwidth=\u00bboff\u00bb specialty=\u00bboff\u00bb transparent_background=\u00bboff\u00bb allow_player_pause=\u00bboff\u00bb inner_shadow=\u00bboff\u00bb parallax=\u00bboff\u00bb parallax_method=\u00bboff\u00bb make_fullwidth=\u00bboff\u00bb use_custom_width=\u00bboff\u00bb width_unit=\u00bbon\u00bb make_equal=\u00bboff\u00bb use_custom_gutter=\u00bboff\u00bb][et_pb_row admin_label=\u00bbFila\u00bb make_fullwidth=\u00bboff\u00bb use_custom_width=\u00bboff\u00bb width_unit=\u00bbon\u00bb use_custom_gutter=\u00bboff\u00bb allow_player_pause=\u00bboff\u00bb parallax=\u00bboff\u00bb parallax_method=\u00bboff\u00bb make_equal=\u00bboff\u00bb parallax_1=\u00bboff\u00bb parallax_method_1=\u00bboff\u00bb][et_pb_column type=\u00bb4_4&#8243;][et_pb_text admin_label=\u00bbTexto\u00bb background_layout=\u00bblight\u00bb text_orientation=\u00bbcenter\u00bb use_border_color=\u00bboff\u00bb border_color=\u00bb#ffffff\u00bb border_style=\u00bbsolid\u00bb header_font=\u00bb|on|||\u00bb text_font=\u00bb|on|||\u00bb text_font_size=\u00bb25&#8243; header_font_size=\u00bb25px\u00bb text_text_color=\u00bb#27323a\u00bb]<\/p>\n<p>Las fuentes\u00a0del Garona<\/p>\n<p>[\/et_pb_text][et_pb_divider admin_label=\u00bbSeparador\u00bb color=\u00bb#ffffff\u00bb show_divider=\u00bboff\u00bb divider_style=\u00bbsolid\u00bb divider_position=\u00bbtop\u00bb hide_on_mobile=\u00bbon\u00bb \/][et_pb_text admin_label=\u00bbTexto\u00bb background_layout=\u00bblight\u00bb text_orientation=\u00bbcenter\u00bb use_border_color=\u00bboff\u00bb border_color=\u00bb#ffffff\u00bb border_style=\u00bbsolid\u00bb header_font=\u00bbLato Light||||\u00bb text_font=\u00bbLato Light||||\u00bb text_font_size=\u00bb35&#8243; text_text_color=\u00bb#000000&#8243;]<\/p>\n<p>Una ruta por los paisajes que rodean el r\u00edo<\/p>\n<p>[\/et_pb_text][\/et_pb_column][\/et_pb_row][et_pb_row admin_label=\u00bbFila\u00bb make_fullwidth=\u00bboff\u00bb use_custom_width=\u00bbon\u00bb width_unit=\u00bboff\u00bb custom_width_percent=\u00bb50%\u00bb use_custom_gutter=\u00bboff\u00bb allow_player_pause=\u00bboff\u00bb parallax=\u00bboff\u00bb parallax_method=\u00bboff\u00bb make_equal=\u00bboff\u00bb parallax_1=\u00bboff\u00bb parallax_method_1=\u00bboff\u00bb][et_pb_column type=\u00bb4_4&#8243;][et_pb_text admin_label=\u00bbTexto\u00bb background_layout=\u00bblight\u00bb text_orientation=\u00bbcenter\u00bb use_border_color=\u00bboff\u00bb border_color=\u00bb#ffffff\u00bb border_style=\u00bbsolid\u00bb text_font_size=\u00bb16&#8243; text_line_height=\u00bb1.8em\u00bb]<\/p>\n<p>El programa \u00abLas Fuentes del Garona\u00bb es un recorrido a pie por senderos de Camins Vius. Conocer\u00e1s\u00a0las 3 zonas que se consideran nacimiento de este r\u00edo, que con origen en la Vall d&#8217;Aran\u00a0vierte sus aguas tras 600km en el Oc\u00e9ano Atl\u00e1ntico en la ciudad francesa de Burdeos.<\/p>\n<p>[\/et_pb_text][\/et_pb_column][\/et_pb_row][\/et_pb_section][et_pb_section bb_built=\u00bb1&#8243; admin_label=\u00bbSecci\u00f3n\u00bb fullwidth=\u00bboff\u00bb specialty=\u00bboff\u00bb transparent_background=\u00bboff\u00bb allow_player_pause=\u00bboff\u00bb inner_shadow=\u00bboff\u00bb parallax=\u00bboff\u00bb parallax_method=\u00bboff\u00bb make_fullwidth=\u00bboff\u00bb use_custom_width=\u00bboff\u00bb width_unit=\u00bbon\u00bb make_equal=\u00bboff\u00bb use_custom_gutter=\u00bboff\u00bb custom_width_px=\u00bb1080&#8243; custom_width_percent=\u00bb80&#8243;][et_pb_row admin_label=\u00bbRow\u00bb][et_pb_column type=\u00bb2_3&#8243;][et_pb_gallery admin_label=\u00bbGallery\u00bb gallery_ids=\u00bb882,1041,1042,1032,1031,992,881&#8243; fullwidth=\u00bbon\u00bb orientation=\u00bbportrait\u00bb show_title_and_caption=\u00bboff\u00bb show_pagination=\u00bboff\u00bb background_layout=\u00bblight\u00bb auto=\u00bbon\u00bb auto_speed=\u00bb5000&#8243; hover_overlay_color=\u00bbrgba(255,255,255,0.9)\u00bb use_border_color=\u00bboff\u00bb border_color=\u00bb#ffffff\u00bb border_style=\u00bbsolid\u00bb \/][et_pb_text admin_label=\u00bbTexto\u00bb background_layout=\u00bblight\u00bb text_orientation=\u00bbleft\u00bb use_border_color=\u00bboff\u00bb border_color=\u00bb#ffffff\u00bb border_style=\u00bbsolid\u00bb text_line_height=\u00bb1.8em\u00bb]<\/p>\n<p>El nacimiento del r\u00edo Garona, al igual que otros r\u00edos importantes del mundo, ha dado lugar a trav\u00e9s de los tiempos a\u00a0varias interpretaciones, fruto de las tradiciones y de los conocimientos del hombre. En la Vall d&#8217;Aran, en la zona del Pla de Beret a 1.850m, se encuentra el Uelh deth Garona, una fuente que ha sido considerada tradicionalmente como el nacimiento del r\u00edo. Pero si vemos los datos geogr\u00e1ficos que sit\u00faan siempre el nacimiento en el lugar m\u00e1s alto y de mayor recorrido del r\u00edo, el nacimiento geogr\u00e1fico del Garona est\u00e1 situado en la cabecera del valle de Ruda, en\u00a0los Lagos de Saboredo y Puerto de Ratera a 2.580m de altura.<br \/>\nY desde que en 1.931 el ge\u00f3logo franc\u00e9s Norbert Casteret, descubre que las aguas que surgen en los Uelhs deth Joeu a la Artiga de Lin provienen de las aguas de fusi\u00f3n del glaciar del Aneto, ha dado lugar a que tambi\u00e9n se sit\u00fae en esta zona el nacimiento del r\u00edo.<\/p>\n<p>[\/et_pb_text][\/et_pb_column][et_pb_column type=\u00bb1_3&#8243;][et_pb_text admin_label=\u00bbText\u00bb background_layout=\u00bblight\u00bb text_orientation=\u00bbleft\u00bb header_font_size=\u00bb16&#8243; header_letter_spacing=\u00bb0&#8243; header_line_height=\u00bb1&#8243; text_letter_spacing=\u00bb0&#8243; text_line_height=\u00bb1.7&#8243; use_border_color=\u00bboff\u00bb border_color=\u00bb#ffffff\u00bb border_width=\u00bb1&#8243; border_style=\u00bbsolid\u00bb text_font_size=\u00bb20&#8243; text_text_color=\u00bb#27323e\u00bb header_text_color=\u00bb#27323e\u00bb]<\/p>\n<p>Itinerario b\u00e1sico<\/p>\n<p>[\/et_pb_text][et_pb_blurb admin_label=\u00bbBlurb\u00bb title=\u00bbD\u00eda 1&#8243; url_new_window=\u00bboff\u00bb use_icon=\u00bboff\u00bb icon_color=\u00bb#2db54e\u00bb use_circle=\u00bboff\u00bb circle_color=\u00bb#2db54e\u00bb use_circle_border=\u00bboff\u00bb circle_border_color=\u00bb#2db54e\u00bb icon_placement=\u00bbtop\u00bb animation=\u00bbtop\u00bb background_layout=\u00bblight\u00bb text_orientation=\u00bbleft\u00bb use_icon_font_size=\u00bboff\u00bb icon_font_size=\u00bb96&#8243; header_text_color=\u00bb#27323e\u00bb header_letter_spacing=\u00bb0&#8243; header_line_height=\u00bb1&#8243; body_text_color=\u00bb#27323e\u00bb body_letter_spacing=\u00bb0&#8243; body_line_height=\u00bb1.7&#8243; use_border_color=\u00bboff\u00bb border_color=\u00bb#ffffff\u00bb border_width=\u00bb1&#8243; border_style=\u00bbsolid\u00bb header_font=\u00bb||||on\u00bb header_font_size=\u00bb16&#8243;]<\/p>\n<p><strong>Llegada\u00a0a Vielha<\/strong><br \/>\nRecogida de la documentaci\u00f3n y\u00a0llegada al alojamiento.<\/p>\n<p>[\/et_pb_blurb][et_pb_blurb admin_label=\u00bbBlurb\u00bb title=\u00bbD\u00eda 2&#8243; url_new_window=\u00bboff\u00bb use_icon=\u00bboff\u00bb icon_color=\u00bb#2db54e\u00bb use_circle=\u00bboff\u00bb circle_color=\u00bb#2db54e\u00bb use_circle_border=\u00bboff\u00bb circle_border_color=\u00bb#2db54e\u00bb icon_placement=\u00bbtop\u00bb animation=\u00bbtop\u00bb background_layout=\u00bblight\u00bb text_orientation=\u00bbleft\u00bb use_icon_font_size=\u00bboff\u00bb icon_font_size=\u00bb96&#8243; header_text_color=\u00bb#27323e\u00bb header_letter_spacing=\u00bb0&#8243; header_line_height=\u00bb1&#8243; body_text_color=\u00bb#27323e\u00bb body_letter_spacing=\u00bb0&#8243; body_line_height=\u00bb1.7&#8243; use_border_color=\u00bboff\u00bb border_color=\u00bb#ffffff\u00bb border_width=\u00bb1&#8243; border_style=\u00bbsolid\u00bb header_font=\u00bb||||on\u00bb header_font_size=\u00bb16&#8243;]<\/p>\n<p><strong>Vielha \u2013 Bagergue<br \/>\nDistancia: 12km<br \/>\nTiempo estimado: 4 h 30 min<\/strong><br \/>\nPartimos del centro de la Vall d&#8217;Aran a 977m para remontar el r\u00edo Garona por el Camino Reiau y adentrarnos en el Naut Aran, para terminar en Bagergue a 1.419m. El camino nos har\u00e1 viajar al\u00a0siglo XI y XII pasando cerca de casas se\u00f1oriales, antiguos castillos e iglesias rom\u00e1nicas.<\/p>\n<p>[\/et_pb_blurb][et_pb_blurb admin_label=\u00bbBlurb\u00bb title=\u00bbD\u00eda 3&#8243; url_new_window=\u00bboff\u00bb use_icon=\u00bboff\u00bb icon_color=\u00bb#2db54e\u00bb use_circle=\u00bboff\u00bb circle_color=\u00bb#2db54e\u00bb use_circle_border=\u00bboff\u00bb circle_border_color=\u00bb#2db54e\u00bb icon_placement=\u00bbtop\u00bb animation=\u00bbtop\u00bb background_layout=\u00bblight\u00bb text_orientation=\u00bbleft\u00bb use_icon_font_size=\u00bboff\u00bb icon_font_size=\u00bb96&#8243; header_text_color=\u00bb#27323e\u00bb header_letter_spacing=\u00bb0&#8243; header_line_height=\u00bb1&#8243; body_text_color=\u00bb#27323e\u00bb body_letter_spacing=\u00bb0&#8243; body_line_height=\u00bb1.7&#8243; use_border_color=\u00bboff\u00bb border_color=\u00bb#ffffff\u00bb border_width=\u00bb1&#8243; border_style=\u00bbsolid\u00bb header_font=\u00bb||||on\u00bb header_font_size=\u00bb16&#8243;]<\/p>\n<p><strong>Bagergue \u2013 Pla de Beret \u2013 Orri \u2013 Vielha<br \/>\nDistancia: 8km<br \/>\nTiempo estimado: 3 h 30 min<\/strong><br \/>\nDe Bagergue al Uelh deth Garona en el Pla de Beret (1.850m) y desde all\u00ed a Orri i Baqueira 1.500.<\/p>\n<p>[\/et_pb_blurb][et_pb_blurb admin_label=\u00bbBlurb\u00bb title=\u00bbD\u00eda 4&#8243; url_new_window=\u00bboff\u00bb use_icon=\u00bboff\u00bb icon_color=\u00bb#2db54e\u00bb use_circle=\u00bboff\u00bb circle_color=\u00bb#2db54e\u00bb use_circle_border=\u00bboff\u00bb circle_border_color=\u00bb#2db54e\u00bb icon_placement=\u00bbtop\u00bb animation=\u00bbtop\u00bb background_layout=\u00bblight\u00bb text_orientation=\u00bbleft\u00bb use_icon_font_size=\u00bboff\u00bb icon_font_size=\u00bb96&#8243; header_text_color=\u00bb#27323e\u00bb header_letter_spacing=\u00bb0&#8243; header_line_height=\u00bb1&#8243; body_text_color=\u00bb#27323e\u00bb body_letter_spacing=\u00bb0&#8243; body_line_height=\u00bb1.7&#8243; use_border_color=\u00bboff\u00bb border_color=\u00bb#ffffff\u00bb border_width=\u00bb1&#8243; border_style=\u00bbsolid\u00bb header_font=\u00bb||||on\u00bb header_font_size=\u00bb16&#8243;]<\/p>\n<p><strong>Vielha \u2013 Pont de Locampo \u2013 Llacs de Saboredo<br \/>\nDistancia: 12km<br \/>\nTiempo estimado: 4 h 30 min<\/strong><br \/>\nDe Vielha al Pont de\u00a0Locampo en el Valle de Ruda (transfer en coche de 20km). Del Pont\u00a0de Locampo (1.705m) al\u00a0Refugio y Lagos de Saboredo (2.320m).<\/p>\n<p>[\/et_pb_blurb][et_pb_blurb admin_label=\u00bbBlurb\u00bb title=\u00bbD\u00eda 5&#8243; url_new_window=\u00bboff\u00bb use_icon=\u00bboff\u00bb icon_color=\u00bb#2db54e\u00bb use_circle=\u00bboff\u00bb circle_color=\u00bb#2db54e\u00bb use_circle_border=\u00bboff\u00bb circle_border_color=\u00bb#2db54e\u00bb icon_placement=\u00bbtop\u00bb animation=\u00bbtop\u00bb background_layout=\u00bblight\u00bb text_orientation=\u00bbleft\u00bb use_icon_font_size=\u00bboff\u00bb icon_font_size=\u00bb96&#8243; header_text_color=\u00bb#27323e\u00bb header_letter_spacing=\u00bb0&#8243; header_line_height=\u00bb1&#8243; body_text_color=\u00bb#27323e\u00bb body_letter_spacing=\u00bb0&#8243; body_line_height=\u00bb1.7&#8243; use_border_color=\u00bboff\u00bb border_color=\u00bb#ffffff\u00bb border_width=\u00bb1&#8243; border_style=\u00bbsolid\u00bb header_font=\u00bb||||on\u00bb header_font_size=\u00bb16&#8243;]<\/p>\n<p><strong>Recorrido circular en la Artiga de Lin<br \/>\nDistancia: 3km<br \/>\nTiempo estimado: 1 h 30 min<\/strong><br \/>\nHaremos un recorrido circular por uno de los paisajes m\u00e1s y espectaculares de la Vall d&#8217;Aran. Salimos desde los impresionantes Uelhs deth Joeu (1.393m) hasta la Artiga de Lin y al Plan de la Artiga (1.490m).<\/p>\n<p>[\/et_pb_blurb][\/et_pb_column][\/et_pb_row][et_pb_row admin_label=\u00bbRow\u00bb][et_pb_column type=\u00bb4_4&#8243;][et_pb_divider admin_label=\u00bbDivider\u00bb color=\u00bb#ffffff\u00bb show_divider=\u00bboff\u00bb height=\u00bb20&#8243; divider_style=\u00bbsolid\u00bb divider_position=\u00bbtop\u00bb hide_on_mobile=\u00bbon\u00bb \/][\/et_pb_column][\/et_pb_row][\/et_pb_section][et_pb_section bb_built=\u00bb1&#8243; admin_label=\u00bbSecci\u00f3n\u00bb fullwidth=\u00bboff\u00bb specialty=\u00bboff\u00bb transparent_background=\u00bboff\u00bb background_color=\u00bb#ededed\u00bb allow_player_pause=\u00bboff\u00bb inner_shadow=\u00bboff\u00bb parallax=\u00bboff\u00bb parallax_method=\u00bboff\u00bb make_fullwidth=\u00bboff\u00bb use_custom_width=\u00bboff\u00bb width_unit=\u00bbon\u00bb make_equal=\u00bboff\u00bb use_custom_gutter=\u00bboff\u00bb][et_pb_row admin_label=\u00bbFila\u00bb][et_pb_column type=\u00bb2_3&#8243;][et_pb_blurb admin_label=\u00bbAnuncio\u00bb title=\u00bb\u00bfQu\u00e9 incluye el precio?\u00bb url_new_window=\u00bboff\u00bb use_icon=\u00bboff\u00bb icon_color=\u00bb#2ea3f2&#8243; use_circle=\u00bboff\u00bb circle_color=\u00bb#2ea3f2&#8243; use_circle_border=\u00bboff\u00bb circle_border_color=\u00bb#2ea3f2&#8243; icon_placement=\u00bbtop\u00bb animation=\u00bboff\u00bb background_layout=\u00bblight\u00bb text_orientation=\u00bbleft\u00bb use_icon_font_size=\u00bboff\u00bb use_border_color=\u00bboff\u00bb border_color=\u00bb#ffffff\u00bb border_style=\u00bbsolid\u00bb header_text_color=\u00bb#27323e\u00bb body_text_color=\u00bb#27323e\u00bb]<\/p>\n<p><strong>+<\/strong>\u00a0Alojamiento en el r\u00e9gimen escogido de media pensi\u00f3n o pensi\u00f3n completa<br \/>\n<strong>+<\/strong>\u00a0Transporte de equipaje entre alojamientos (1 maleta hasta 20 kg por persona)<br \/>\n<strong>+<\/strong>\u00a0Seguro de accidentes y de asistencia<br \/>\n<strong>+<\/strong>\u00a0Mapa y dosier de ruta<\/p>\n<p>[\/et_pb_blurb][\/et_pb_column][et_pb_column type=\u00bb1_3&#8243;][et_pb_blurb admin_label=\u00bbAnuncio\u00bb url_new_window=\u00bboff\u00bb use_icon=\u00bbon\u00bb icon_color=\u00bb#27323a\u00bb use_circle=\u00bboff\u00bb circle_color=\u00bb#27323a\u00bb use_circle_border=\u00bbon\u00bb circle_border_color=\u00bb#27323a\u00bb icon_placement=\u00bbleft\u00bb animation=\u00bboff\u00bb background_layout=\u00bblight\u00bb text_orientation=\u00bbleft\u00bb use_icon_font_size=\u00bbon\u00bb use_border_color=\u00bboff\u00bb border_color=\u00bb#ffffff\u00bb border_style=\u00bbsolid\u00bb font_icon=\u00bb%%216%%\u00bb icon_font_size=\u00bb30&#8243; header_text_color=\u00bb#27323e\u00bb body_text_color=\u00bb#27323e\u00bb]<\/p>\n<p>* Opci\u00f3n de a\u00f1adir alguna actividad como rafting, barrancos, una v\u00eda ferrata, etc.<\/p>\n<p>[\/et_pb_blurb][et_pb_blurb admin_label=\u00bbAnuncio\u00bb url_new_window=\u00bboff\u00bb use_icon=\u00bbon\u00bb icon_color=\u00bb#ffffff\u00bb use_circle=\u00bbon\u00bb circle_color=\u00bb#27323a\u00bb use_circle_border=\u00bboff\u00bb circle_border_color=\u00bb#2ea3f2&#8243; icon_placement=\u00bbleft\u00bb animation=\u00bboff\u00bb background_layout=\u00bblight\u00bb text_orientation=\u00bbleft\u00bb use_icon_font_size=\u00bbon\u00bb use_border_color=\u00bboff\u00bb border_color=\u00bb#ffffff\u00bb border_style=\u00bbsolid\u00bb font_icon=\u00bb%%84%%\u00bb title=\u00bb\u00bfTienes alguna duda?\u00bb icon_font_size=\u00bb15&#8243; header_font=\u00bb|on|||\u00bb header_text_color=\u00bb#27323e\u00bb body_text_color=\u00bb#27323e\u00bb]<\/p>\n<p>Env\u00edanos un correo a<strong> info@caminsvius.com<\/strong> o ll\u00e1manos al <strong>+ 34 973 64 24 44<\/strong><\/p>\n<p>[\/et_pb_blurb][\/et_pb_column][\/et_pb_row][\/et_pb_section][et_pb_section bb_built=\u00bb1&#8243; admin_label=\u00bbSecci\u00f3n\u00bb fullwidth=\u00bboff\u00bb specialty=\u00bboff\u00bb transparent_background=\u00bboff\u00bb allow_player_pause=\u00bboff\u00bb inner_shadow=\u00bboff\u00bb parallax=\u00bboff\u00bb parallax_method=\u00bboff\u00bb make_fullwidth=\u00bboff\u00bb use_custom_width=\u00bboff\u00bb width_unit=\u00bbon\u00bb make_equal=\u00bboff\u00bb use_custom_gutter=\u00bboff\u00bb][et_pb_row admin_label=\u00bbFila\u00bb][et_pb_column type=\u00bb4_4&#8243;][et_pb_button admin_label=\u00bbBot\u00f3n\u00bb button_url=\u00bbwww.caminsvius.com\/es\/contacto\/\u00bb url_new_window=\u00bboff\u00bb button_text=\u00bbFormulario de reserva\u00bb button_alignment=\u00bbcenter\u00bb background_layout=\u00bbdark\u00bb custom_button=\u00bbon\u00bb button_text_color=\u00bb#ffffff\u00bb button_bg_color=\u00bb#2db54e\u00bb button_letter_spacing=\u00bb0&#8243; button_use_icon=\u00bboff\u00bb button_icon_placement=\u00bbright\u00bb button_on_hover=\u00bboff\u00bb button_letter_spacing_hover=\u00bb0&#8243; button_border_color=\u00bb#2db54e\u00bb button_border_radius=\u00bb0&#8243; button_border_radius_hover=\u00bb0&#8243; button_text_size=\u00bb18&#8243; \/][\/et_pb_column][\/et_pb_row][\/et_pb_section]<\/p>\n","protected":false},"excerpt":{"rendered":"<p>[et_pb_section bb_built=\u00bb1&#8243; admin_label=\u00bbSecci\u00f3n\u00bb fullwidth=\u00bboff\u00bb specialty=\u00bboff\u00bb transparent_background=\u00bboff\u00bb allow_player_pause=\u00bboff\u00bb inner_shadow=\u00bboff\u00bb parallax=\u00bboff\u00bb parallax_method=\u00bboff\u00bb make_fullwidth=\u00bboff\u00bb use_custom_width=\u00bboff\u00bb width_unit=\u00bbon\u00bb make_equal=\u00bboff\u00bb use_custom_gutter=\u00bboff\u00bb][et_pb_row admin_label=\u00bbFila\u00bb make_fullwidth=\u00bboff\u00bb use_custom_width=\u00bboff\u00bb width_unit=\u00bbon\u00bb use_custom_gutter=\u00bboff\u00bb allow_player_pause=\u00bboff\u00bb parallax=\u00bboff\u00bb parallax_method=\u00bboff\u00bb make_equal=\u00bboff\u00bb parallax_1=\u00bboff\u00bb parallax_method_1=\u00bboff\u00bb][et_pb_column type=\u00bb4_4&#8243;][et_pb_text admin_label=\u00bbTexto\u00bb background_layout=\u00bblight\u00bb text_orientation=\u00bbcenter\u00bb use_border_color=\u00bboff\u00bb border_color=\u00bb#ffffff\u00bb border_style=\u00bbsolid\u00bb header_font=\u00bb|on|||\u00bb text_font=\u00bb|on|||\u00bb text_font_size=\u00bb25&#8243; header_font_size=\u00bb25px\u00bb text_text_color=\u00bb#27323a\u00bb] Las fuentes\u00a0del Garona [\/et_pb_text][et_pb_divider admin_label=\u00bbSeparador\u00bb color=\u00bb#ffffff\u00bb show_divider=\u00bboff\u00bb divider_style=\u00bbsolid\u00bb divider_position=\u00bbtop\u00bb hide_on_mobile=\u00bbon\u00bb \/][et_pb_text admin_label=\u00bbTexto\u00bb background_layout=\u00bblight\u00bb text_orientation=\u00bbcenter\u00bb use_border_color=\u00bboff\u00bb border_color=\u00bb#ffffff\u00bb border_style=\u00bbsolid\u00bb [&hellip;]<\/p>\n","protected":false},"author":4,"featured_media":0,"parent":0,"menu_order":0,"comment_status":"closed","ping_status":"closed","template":"","meta":{"_et_pb_use_builder":"on","_et_pb_old_content":"","_et_gb_content_width":"","footnotes":""},"class_list":["post-1116","page","type-page","status-publish","hentry"],"yoast_head":"<!-- This site is optimized with the Yoast SEO plugin v23.9 - https:\/\/yoast.com\/wordpress\/plugins\/seo\/ -->\n<title>Camins Vius | La ruta de las fuentes del r\u00edo Garona<\/title>\n<meta name=\"description\" content=\"Esta escapada te descubrir\u00e1 las 3 zonas que se consideran nacimiento del r\u00edo Garona (Pla de Beret, Val de Ruda y Uelhs deth Joeu).\" \/>\n<meta name=\"robots\" content=\"index, follow, max-snippet:-1, max-image-preview:large, max-video-preview:-1\" \/>\n<link rel=\"canonical\" href=\"https:\/\/www.caminsvius.com\/es\/ruta-del-garona\/\" \/>\n<meta property=\"og:locale\" content=\"es_ES\" \/>\n<meta property=\"og:type\" content=\"article\" \/>\n<meta property=\"og:title\" content=\"Camins Vius | La ruta de las fuentes del r\u00edo Garona\" \/>\n<meta property=\"og:description\" content=\"Esta escapada te descubrir\u00e1 las 3 zonas que se consideran nacimiento del r\u00edo Garona (Pla de Beret, Val de Ruda y Uelhs deth Joeu).\" \/>\n<meta property=\"og:url\" content=\"https:\/\/www.caminsvius.com\/es\/ruta-del-garona\/\" \/>\n<meta property=\"og:site_name\" content=\"Camins Vius\" \/>\n<meta property=\"article:modified_time\" content=\"2017-05-02T15:30:51+00:00\" \/>\n<meta name=\"twitter:card\" content=\"summary_large_image\" \/>\n<meta name=\"twitter:label1\" content=\"Tiempo de lectura\" \/>\n\t<meta name=\"twitter:data1\" content=\"10 minutos\" \/>\n<script type=\"application\/ld+json\" class=\"yoast-schema-graph\">{\"@context\":\"https:\/\/schema.org\",\"@graph\":[{\"@type\":\"WebPage\",\"@id\":\"https:\/\/www.caminsvius.com\/es\/ruta-del-garona\/\",\"url\":\"https:\/\/www.caminsvius.com\/es\/ruta-del-garona\/\",\"name\":\"Camins Vius | La ruta de las fuentes del r\u00edo Garona\",\"isPartOf\":{\"@id\":\"https:\/\/www.caminsvius.com\/#website\"},\"datePublished\":\"2017-04-25T17:36:09+00:00\",\"dateModified\":\"2017-05-02T15:30:51+00:00\",\"description\":\"Esta escapada te descubrir\u00e1 las 3 zonas que se consideran nacimiento del r\u00edo Garona (Pla de Beret, Val de Ruda y Uelhs deth Joeu).\",\"breadcrumb\":{\"@id\":\"https:\/\/www.caminsvius.com\/es\/ruta-del-garona\/#breadcrumb\"},\"inLanguage\":\"es\",\"potentialAction\":[{\"@type\":\"ReadAction\",\"target\":[\"https:\/\/www.caminsvius.com\/es\/ruta-del-garona\/\"]}]},{\"@type\":\"BreadcrumbList\",\"@id\":\"https:\/\/www.caminsvius.com\/es\/ruta-del-garona\/#breadcrumb\",\"itemListElement\":[{\"@type\":\"ListItem\",\"position\":1,\"name\":\"Portada\",\"item\":\"https:\/\/www.caminsvius.com\/es\/\"},{\"@type\":\"ListItem\",\"position\":2,\"name\":\"Ruta del Garona\"}]},{\"@type\":\"WebSite\",\"@id\":\"https:\/\/www.caminsvius.com\/#website\",\"url\":\"https:\/\/www.caminsvius.com\/\",\"name\":\"Camins Vius\",\"description\":\"Camins Vius\",\"publisher\":{\"@id\":\"https:\/\/www.caminsvius.com\/#organization\"},\"potentialAction\":[{\"@type\":\"SearchAction\",\"target\":{\"@type\":\"EntryPoint\",\"urlTemplate\":\"https:\/\/www.caminsvius.com\/?s={search_term_string}\"},\"query-input\":{\"@type\":\"PropertyValueSpecification\",\"valueRequired\":true,\"valueName\":\"search_term_string\"}}],\"inLanguage\":\"es\"},{\"@type\":\"Organization\",\"@id\":\"https:\/\/www.caminsvius.com\/#organization\",\"name\":\"Camins Vius\",\"url\":\"https:\/\/www.caminsvius.com\/\",\"logo\":{\"@type\":\"ImageObject\",\"inLanguage\":\"es\",\"@id\":\"https:\/\/www.caminsvius.com\/#\/schema\/logo\/image\/\",\"url\":\"https:\/\/www.caminsvius.com\/wp-content\/uploads\/2016\/12\/logo_caminsvius.png\",\"contentUrl\":\"https:\/\/www.caminsvius.com\/wp-content\/uploads\/2016\/12\/logo_caminsvius.png\",\"width\":659,\"height\":410,\"caption\":\"Camins Vius\"},\"image\":{\"@id\":\"https:\/\/www.caminsvius.com\/#\/schema\/logo\/image\/\"}}]}<\/script>\n<!-- \/ Yoast SEO plugin. -->","yoast_head_json":{"title":"Camins Vius | La ruta de las fuentes del r\u00edo Garona","description":"Esta escapada te descubrir\u00e1 las 3 zonas que se consideran nacimiento del r\u00edo Garona (Pla de Beret, Val de Ruda y Uelhs deth Joeu).","robots":{"index":"index","follow":"follow","max-snippet":"max-snippet:-1","max-image-preview":"max-image-preview:large","max-video-preview":"max-video-preview:-1"},"canonical":"https:\/\/www.caminsvius.com\/es\/ruta-del-garona\/","og_locale":"es_ES","og_type":"article","og_title":"Camins Vius | La ruta de las fuentes del r\u00edo Garona","og_description":"Esta escapada te descubrir\u00e1 las 3 zonas que se consideran nacimiento del r\u00edo Garona (Pla de Beret, Val de Ruda y Uelhs deth Joeu).","og_url":"https:\/\/www.caminsvius.com\/es\/ruta-del-garona\/","og_site_name":"Camins Vius","article_modified_time":"2017-05-02T15:30:51+00:00","twitter_card":"summary_large_image","twitter_misc":{"Tiempo de lectura":"10 minutos"},"schema":{"@context":"https:\/\/schema.org","@graph":[{"@type":"WebPage","@id":"https:\/\/www.caminsvius.com\/es\/ruta-del-garona\/","url":"https:\/\/www.caminsvius.com\/es\/ruta-del-garona\/","name":"Camins Vius | La ruta de las fuentes del r\u00edo Garona","isPartOf":{"@id":"https:\/\/www.caminsvius.com\/#website"},"datePublished":"2017-04-25T17:36:09+00:00","dateModified":"2017-05-02T15:30:51+00:00","description":"Esta escapada te descubrir\u00e1 las 3 zonas que se consideran nacimiento del r\u00edo Garona (Pla de Beret, Val de Ruda y Uelhs deth Joeu).","breadcrumb":{"@id":"https:\/\/www.caminsvius.com\/es\/ruta-del-garona\/#breadcrumb"},"inLanguage":"es","potentialAction":[{"@type":"ReadAction","target":["https:\/\/www.caminsvius.com\/es\/ruta-del-garona\/"]}]},{"@type":"BreadcrumbList","@id":"https:\/\/www.caminsvius.com\/es\/ruta-del-garona\/#breadcrumb","itemListElement":[{"@type":"ListItem","position":1,"name":"Portada","item":"https:\/\/www.caminsvius.com\/es\/"},{"@type":"ListItem","position":2,"name":"Ruta del Garona"}]},{"@type":"WebSite","@id":"https:\/\/www.caminsvius.com\/#website","url":"https:\/\/www.caminsvius.com\/","name":"Camins Vius","description":"Camins Vius","publisher":{"@id":"https:\/\/www.caminsvius.com\/#organization"},"potentialAction":[{"@type":"SearchAction","target":{"@type":"EntryPoint","urlTemplate":"https:\/\/www.caminsvius.com\/?s={search_term_string}"},"query-input":{"@type":"PropertyValueSpecification","valueRequired":true,"valueName":"search_term_string"}}],"inLanguage":"es"},{"@type":"Organization","@id":"https:\/\/www.caminsvius.com\/#organization","name":"Camins Vius","url":"https:\/\/www.caminsvius.com\/","logo":{"@type":"ImageObject","inLanguage":"es","@id":"https:\/\/www.caminsvius.com\/#\/schema\/logo\/image\/","url":"https:\/\/www.caminsvius.com\/wp-content\/uploads\/2016\/12\/logo_caminsvius.png","contentUrl":"https:\/\/www.caminsvius.com\/wp-content\/uploads\/2016\/12\/logo_caminsvius.png","width":659,"height":410,"caption":"Camins Vius"},"image":{"@id":"https:\/\/www.caminsvius.com\/#\/schema\/logo\/image\/"}}]}},"_links":{"self":[{"href":"https:\/\/www.caminsvius.com\/es\/wp-json\/wp\/v2\/pages\/1116","targetHints":{"allow":["GET"]}}],"collection":[{"href":"https:\/\/www.caminsvius.com\/es\/wp-json\/wp\/v2\/pages"}],"about":[{"href":"https:\/\/www.caminsvius.com\/es\/wp-json\/wp\/v2\/types\/page"}],"author":[{"embeddable":true,"href":"https:\/\/www.caminsvius.com\/es\/wp-json\/wp\/v2\/users\/4"}],"replies":[{"embeddable":true,"href":"https:\/\/www.caminsvius.com\/es\/wp-json\/wp\/v2\/comments?post=1116"}],"version-history":[{"count":5,"href":"https:\/\/www.caminsvius.com\/es\/wp-json\/wp\/v2\/pages\/1116\/revisions"}],"predecessor-version":[{"id":1158,"href":"https:\/\/www.caminsvius.com\/es\/wp-json\/wp\/v2\/pages\/1116\/revisions\/1158"}],"wp:attachment":[{"href":"https:\/\/www.caminsvius.com\/es\/wp-json\/wp\/v2\/media?parent=1116"}],"curies":[{"name":"wp","href":"https:\/\/api.w.org\/{rel}","templated":true}]}}