{"id":1126,"date":"2017-04-26T11:31:53","date_gmt":"2017-04-26T09:31:53","guid":{"rendered":"http:\/\/www.caminsvius.com\/?page_id=1126\/"},"modified":"2017-05-04T17:46:16","modified_gmt":"2017-05-04T15:46:16","slug":"ruta-del-centenario","status":"publish","type":"page","link":"https:\/\/www.caminsvius.com\/es\/ruta-del-centenario\/","title":{"rendered":"Ruta del Centenario"},"content":{"rendered":"<p>[et_pb_section bb_built=\u00bb1&#8243; admin_label=\u00bbSecci\u00f3n\u00bb fullwidth=\u00bboff\u00bb specialty=\u00bboff\u00bb transparent_background=\u00bboff\u00bb allow_player_pause=\u00bboff\u00bb inner_shadow=\u00bboff\u00bb parallax=\u00bboff\u00bb parallax_method=\u00bboff\u00bb make_fullwidth=\u00bboff\u00bb use_custom_width=\u00bboff\u00bb width_unit=\u00bbon\u00bb make_equal=\u00bboff\u00bb use_custom_gutter=\u00bboff\u00bb][et_pb_row admin_label=\u00bbFila\u00bb make_fullwidth=\u00bboff\u00bb use_custom_width=\u00bboff\u00bb width_unit=\u00bbon\u00bb use_custom_gutter=\u00bboff\u00bb allow_player_pause=\u00bboff\u00bb parallax=\u00bboff\u00bb parallax_method=\u00bboff\u00bb make_equal=\u00bboff\u00bb parallax_1=\u00bboff\u00bb parallax_method_1=\u00bboff\u00bb][et_pb_column type=\u00bb4_4&#8243;][et_pb_text admin_label=\u00bbTexto\u00bb background_layout=\u00bblight\u00bb text_orientation=\u00bbcenter\u00bb use_border_color=\u00bboff\u00bb border_color=\u00bb#ffffff\u00bb border_style=\u00bbsolid\u00bb header_font=\u00bb|on|||\u00bb text_font=\u00bb|on|||\u00bb text_font_size=\u00bb25&#8243; header_font_size=\u00bb25px\u00bb text_text_color=\u00bb#27323a\u00bb]<\/p>\n<p>Ruta del Centenario<\/p>\n<p>[\/et_pb_text][et_pb_divider admin_label=\u00bbSeparador\u00bb color=\u00bb#ffffff\u00bb show_divider=\u00bboff\u00bb divider_style=\u00bbsolid\u00bb divider_position=\u00bbtop\u00bb hide_on_mobile=\u00bbon\u00bb \/][et_pb_text admin_label=\u00bbTexto\u00bb background_layout=\u00bblight\u00bb text_orientation=\u00bbcenter\u00bb use_border_color=\u00bboff\u00bb border_color=\u00bb#ffffff\u00bb border_style=\u00bbsolid\u00bb header_font=\u00bbLato Light||||\u00bb text_font=\u00bbLato Light||||\u00bb text_font_size=\u00bb35&#8243; text_text_color=\u00bb#000000&#8243;]<\/p>\n<p>De Bo\u00ed a Espot por el puerto del Portarr\u00f3<\/p>\n<p>[\/et_pb_text][\/et_pb_column][\/et_pb_row][et_pb_row admin_label=\u00bbFila\u00bb make_fullwidth=\u00bboff\u00bb use_custom_width=\u00bbon\u00bb width_unit=\u00bboff\u00bb custom_width_percent=\u00bb50%\u00bb use_custom_gutter=\u00bboff\u00bb allow_player_pause=\u00bboff\u00bb parallax=\u00bboff\u00bb parallax_method=\u00bboff\u00bb make_equal=\u00bboff\u00bb parallax_1=\u00bboff\u00bb parallax_method_1=\u00bboff\u00bb][et_pb_column type=\u00bb4_4&#8243;][et_pb_text admin_label=\u00bbTexto\u00bb background_layout=\u00bblight\u00bb text_orientation=\u00bbcenter\u00bb use_border_color=\u00bboff\u00bb border_color=\u00bb#ffffff\u00bb border_style=\u00bbsolid\u00bb text_font_size=\u00bb16&#8243; text_line_height=\u00bb1.8em\u00bb]<\/p>\n<p>Si alguien nos preguntara por la ruta m\u00e1s emblem\u00e1tica del Parque Nacional de Aig\u00fcestortes i\u00a0Estany de\u00a0Sant Maurici, la gran mayor\u00eda coincidiremos en que es la traves\u00eda del Portarr\u00f3. Y es que en el transcurso de este recorrido tendremos la oportunidad de conocer algunas de las zonas m\u00e1s emblem\u00e1ticas y que dan nombre al Parque: el Pla de Aig\u00fcestortes i\u00a0Estany de Sant Maurici, pasando por el gran puerto del Portarr\u00f3, que separa los dos valles vertebradores del Parque: la ribera de San Nicol\u00e1s y la del r\u00edo Escrita.<\/p>\n<p>[\/et_pb_text][\/et_pb_column][\/et_pb_row][\/et_pb_section][et_pb_section bb_built=\u00bb1&#8243; admin_label=\u00bbSecci\u00f3n\u00bb fullwidth=\u00bboff\u00bb specialty=\u00bboff\u00bb transparent_background=\u00bboff\u00bb allow_player_pause=\u00bboff\u00bb inner_shadow=\u00bboff\u00bb parallax=\u00bboff\u00bb parallax_method=\u00bboff\u00bb make_fullwidth=\u00bboff\u00bb use_custom_width=\u00bboff\u00bb width_unit=\u00bbon\u00bb make_equal=\u00bboff\u00bb use_custom_gutter=\u00bboff\u00bb custom_width_px=\u00bb1080&#8243; custom_width_percent=\u00bb80&#8243;][et_pb_row admin_label=\u00bbRow\u00bb][et_pb_column type=\u00bb2_3&#8243;][et_pb_gallery admin_label=\u00bbGallery\u00bb gallery_ids=\u00bb1052,960,436&#8243; fullwidth=\u00bbon\u00bb orientation=\u00bbportrait\u00bb show_title_and_caption=\u00bboff\u00bb show_pagination=\u00bboff\u00bb background_layout=\u00bblight\u00bb auto=\u00bbon\u00bb auto_speed=\u00bb5000&#8243; hover_overlay_color=\u00bbrgba(255,255,255,0.9)\u00bb use_border_color=\u00bboff\u00bb border_color=\u00bb#ffffff\u00bb border_style=\u00bbsolid\u00bb \/][\/et_pb_column][et_pb_column type=\u00bb1_3&#8243;][et_pb_blurb admin_label=\u00bbAnuncio\u00bb title=\u00bbItinerario b\u00e1sico\u00bb url_new_window=\u00bboff\u00bb use_icon=\u00bboff\u00bb icon_color=\u00bb#2ea3f2&#8243; use_circle=\u00bboff\u00bb circle_color=\u00bb#2ea3f2&#8243; use_circle_border=\u00bboff\u00bb circle_border_color=\u00bb#2ea3f2&#8243; icon_placement=\u00bbtop\u00bb animation=\u00bboff\u00bb background_layout=\u00bblight\u00bb text_orientation=\u00bbleft\u00bb use_icon_font_size=\u00bboff\u00bb use_border_color=\u00bboff\u00bb border_color=\u00bb#ffffff\u00bb border_style=\u00bbsolid\u00bb header_font_size=\u00bb16&#8243; header_font=\u00bb|on|||\u00bb header_text_color=\u00bb#27323a\u00bb \/][et_pb_text admin_label=\u00bbText\u00bb background_layout=\u00bblight\u00bb text_orientation=\u00bbleft\u00bb text_text_color=\u00bb#27323a\u00bb use_border_color=\u00bboff\u00bb border_color=\u00bb#ffffff\u00bb border_style=\u00bbsolid\u00bb]<\/p>\n<p><strong>Durada:<\/strong>\u00a01\u00a0d\u00eda<br \/>\n<strong>Distancia: <\/strong>13 km<br \/>\n<strong>Tiempo:<\/strong>\u00a05 &#8211; 6 hores<br \/>\n<strong>Desnivel aproximado:<\/strong>\u00a0600 m de subida;<br \/>\n550\u00a0m de bajada<\/p>\n<p>[\/et_pb_text][et_pb_text admin_label=\u00bbText\u00bb background_layout=\u00bblight\u00bb text_orientation=\u00bbleft\u00bb use_border_color=\u00bboff\u00bb border_color=\u00bb#ffffff\u00bb border_style=\u00bbsolid\u00bb text_text_color=\u00bb#27323a\u00bb]<\/p>\n<div class=\"page\" title=\"Page 1\">\n<div class=\"section\">\n<div class=\"layoutArea\">\n<div class=\"column\">\n<p>El itinerario transcurre por camino ancho y bien se\u00f1alizado, siguiendo el trazado de una antigua pista forestal, que se abri\u00f3 en los a\u00f1os cincuenta, para comunicar los dos valles.<\/p>\n<p><a href=\"http:\/\/www.caminsvius.com\/wp-content\/uploads\/2017\/04\/FICHA-PORTARRO-con-precios.pdf\" target=\"_blank\" rel=\"noopener noreferrer\">+\u00a0Fitxa t\u00e9cnica y precios<\/a><\/p>\n<\/div>\n<\/div>\n<\/div>\n<\/div>\n<p>[\/et_pb_text][et_pb_divider admin_label=\u00bbDivider\u00bb color=\u00bb#ffffff\u00bb show_divider=\u00bboff\u00bb height=\u00bb10&#8243; divider_style=\u00bbsolid\u00bb divider_position=\u00bbtop\u00bb hide_on_mobile=\u00bbon\u00bb \/][\/et_pb_column][\/et_pb_row][\/et_pb_section][et_pb_section bb_built=\u00bb1&#8243; admin_label=\u00bbSecci\u00f3n\u00bb fullwidth=\u00bboff\u00bb specialty=\u00bboff\u00bb transparent_background=\u00bboff\u00bb background_color=\u00bb#ededed\u00bb allow_player_pause=\u00bboff\u00bb inner_shadow=\u00bboff\u00bb parallax=\u00bboff\u00bb parallax_method=\u00bboff\u00bb make_fullwidth=\u00bboff\u00bb use_custom_width=\u00bboff\u00bb width_unit=\u00bbon\u00bb make_equal=\u00bboff\u00bb use_custom_gutter=\u00bboff\u00bb][et_pb_row admin_label=\u00bbFila\u00bb][et_pb_column type=\u00bb2_3&#8243;][et_pb_blurb admin_label=\u00bbAnuncio\u00bb title=\u00bb\u00bfQu\u00e9 incluye el precio?\u00bb url_new_window=\u00bboff\u00bb use_icon=\u00bboff\u00bb icon_color=\u00bb#2ea3f2&#8243; use_circle=\u00bboff\u00bb circle_color=\u00bb#2ea3f2&#8243; use_circle_border=\u00bboff\u00bb circle_border_color=\u00bb#2ea3f2&#8243; icon_placement=\u00bbtop\u00bb animation=\u00bboff\u00bb background_layout=\u00bblight\u00bb text_orientation=\u00bbleft\u00bb use_icon_font_size=\u00bboff\u00bb use_border_color=\u00bboff\u00bb border_color=\u00bb#ffffff\u00bb border_style=\u00bbsolid\u00bb header_text_color=\u00bb#27323e\u00bb body_text_color=\u00bb#27323e\u00bb]<\/p>\n<p><strong>+<\/strong>\u00a0Alojamiento en el r\u00e9gimen escogido de media pensi\u00f3n o pensi\u00f3n completa<br \/>\n<strong>+<\/strong>\u00a0Transporte\u00a0al Parque con jeeps<br \/>\n<strong>+<\/strong>\u00a0Seguro de accidentes y de asistencia<br \/>\n<strong>+<\/strong>\u00a0Mapa y dosier de ruta<\/p>\n<p>&nbsp;<\/p>\n<p>[\/et_pb_blurb][\/et_pb_column][et_pb_column type=\u00bb1_3&#8243;][et_pb_blurb admin_label=\u00bbAnuncio\u00bb url_new_window=\u00bboff\u00bb use_icon=\u00bbon\u00bb icon_color=\u00bb#27323a\u00bb use_circle=\u00bboff\u00bb circle_color=\u00bb#27323a\u00bb use_circle_border=\u00bbon\u00bb circle_border_color=\u00bb#27323a\u00bb icon_placement=\u00bbleft\u00bb animation=\u00bboff\u00bb background_layout=\u00bblight\u00bb text_orientation=\u00bbleft\u00bb use_icon_font_size=\u00bbon\u00bb use_border_color=\u00bboff\u00bb border_color=\u00bb#ffffff\u00bb border_style=\u00bbsolid\u00bb font_icon=\u00bb%%216%%\u00bb icon_font_size=\u00bb30&#8243; header_text_color=\u00bb#27323e\u00bb body_text_color=\u00bb#27323e\u00bb]<\/p>\n<p>* Opci\u00f3n de hacer 1 o 2 noches de estancia<\/p>\n<p>* Opci\u00f3n de hacer el recorrido con un gu\u00eda<\/p>\n<p>[\/et_pb_blurb][et_pb_blurb admin_label=\u00bbAnuncio\u00bb url_new_window=\u00bboff\u00bb use_icon=\u00bbon\u00bb icon_color=\u00bb#ffffff\u00bb use_circle=\u00bbon\u00bb circle_color=\u00bb#27323a\u00bb use_circle_border=\u00bboff\u00bb circle_border_color=\u00bb#2ea3f2&#8243; icon_placement=\u00bbleft\u00bb animation=\u00bboff\u00bb background_layout=\u00bblight\u00bb text_orientation=\u00bbleft\u00bb use_icon_font_size=\u00bbon\u00bb use_border_color=\u00bboff\u00bb border_color=\u00bb#ffffff\u00bb border_style=\u00bbsolid\u00bb font_icon=\u00bb%%84%%\u00bb title=\u00bb\u00bfTienes alguna duda?\u00bb icon_font_size=\u00bb15&#8243; header_font=\u00bb|on|||\u00bb header_text_color=\u00bb#27323e\u00bb body_text_color=\u00bb#27323e\u00bb]<\/p>\n<p>Env\u00edanos un correo a <strong>info@caminsvius.com<\/strong> o ll\u00e1manos al <strong>+ 34 973 64 24 44<\/strong><\/p>\n<p>[\/et_pb_blurb][\/et_pb_column][\/et_pb_row][\/et_pb_section][et_pb_section bb_built=\u00bb1&#8243; admin_label=\u00bbSecci\u00f3n\u00bb fullwidth=\u00bboff\u00bb specialty=\u00bboff\u00bb transparent_background=\u00bboff\u00bb allow_player_pause=\u00bboff\u00bb inner_shadow=\u00bboff\u00bb parallax=\u00bboff\u00bb parallax_method=\u00bboff\u00bb make_fullwidth=\u00bboff\u00bb use_custom_width=\u00bboff\u00bb width_unit=\u00bbon\u00bb make_equal=\u00bboff\u00bb use_custom_gutter=\u00bboff\u00bb][et_pb_row admin_label=\u00bbFila\u00bb][et_pb_column type=\u00bb4_4&#8243;][et_pb_button admin_label=\u00bbBot\u00f3n\u00bb button_url=\u00bbwww.caminsvius.com\/es\/contacto\/\u00bb url_new_window=\u00bboff\u00bb button_text=\u00bbFormulario de reserva\u00bb button_alignment=\u00bbcenter\u00bb background_layout=\u00bbdark\u00bb custom_button=\u00bbon\u00bb button_text_color=\u00bb#ffffff\u00bb button_bg_color=\u00bb#2db54e\u00bb button_letter_spacing=\u00bb0&#8243; button_use_icon=\u00bboff\u00bb button_icon_placement=\u00bbright\u00bb button_on_hover=\u00bboff\u00bb button_letter_spacing_hover=\u00bb0&#8243; button_border_color=\u00bb#2db54e\u00bb button_border_radius=\u00bb0&#8243; button_border_radius_hover=\u00bb0&#8243; button_text_size=\u00bb18&#8243; \/][\/et_pb_column][\/et_pb_row][\/et_pb_section]<\/p>\n","protected":false},"excerpt":{"rendered":"<p>[et_pb_section bb_built=\u00bb1&#8243; admin_label=\u00bbSecci\u00f3n\u00bb fullwidth=\u00bboff\u00bb specialty=\u00bboff\u00bb transparent_background=\u00bboff\u00bb allow_player_pause=\u00bboff\u00bb inner_shadow=\u00bboff\u00bb parallax=\u00bboff\u00bb parallax_method=\u00bboff\u00bb make_fullwidth=\u00bboff\u00bb use_custom_width=\u00bboff\u00bb width_unit=\u00bbon\u00bb make_equal=\u00bboff\u00bb use_custom_gutter=\u00bboff\u00bb][et_pb_row admin_label=\u00bbFila\u00bb make_fullwidth=\u00bboff\u00bb use_custom_width=\u00bboff\u00bb width_unit=\u00bbon\u00bb use_custom_gutter=\u00bboff\u00bb allow_player_pause=\u00bboff\u00bb parallax=\u00bboff\u00bb parallax_method=\u00bboff\u00bb make_equal=\u00bboff\u00bb parallax_1=\u00bboff\u00bb parallax_method_1=\u00bboff\u00bb][et_pb_column type=\u00bb4_4&#8243;][et_pb_text admin_label=\u00bbTexto\u00bb background_layout=\u00bblight\u00bb text_orientation=\u00bbcenter\u00bb use_border_color=\u00bboff\u00bb border_color=\u00bb#ffffff\u00bb border_style=\u00bbsolid\u00bb header_font=\u00bb|on|||\u00bb text_font=\u00bb|on|||\u00bb text_font_size=\u00bb25&#8243; header_font_size=\u00bb25px\u00bb text_text_color=\u00bb#27323a\u00bb] Ruta del Centenario [\/et_pb_text][et_pb_divider admin_label=\u00bbSeparador\u00bb color=\u00bb#ffffff\u00bb show_divider=\u00bboff\u00bb divider_style=\u00bbsolid\u00bb divider_position=\u00bbtop\u00bb hide_on_mobile=\u00bbon\u00bb \/][et_pb_text admin_label=\u00bbTexto\u00bb background_layout=\u00bblight\u00bb text_orientation=\u00bbcenter\u00bb use_border_color=\u00bboff\u00bb border_color=\u00bb#ffffff\u00bb border_style=\u00bbsolid\u00bb [&hellip;]<\/p>\n","protected":false},"author":4,"featured_media":0,"parent":0,"menu_order":0,"comment_status":"closed","ping_status":"closed","template":"","meta":{"_et_pb_use_builder":"on","_et_pb_old_content":"","_et_gb_content_width":"","footnotes":""},"class_list":["post-1126","page","type-page","status-publish","hentry"],"yoast_head":"<!-- This site is optimized with the Yoast SEO plugin v23.9 - https:\/\/yoast.com\/wordpress\/plugins\/seo\/ -->\n<title>Camins Vius | La ruta del Centenario, de Bo\u00ed a Espot<\/title>\n<meta name=\"description\" content=\"En el transcurso de este recorrido descubrir\u00e1s algunas de las zonas m\u00e1s emblem\u00e1ticas que dan nombre al Parque pasando por el gran puerto del Portarr\u00f3.\" \/>\n<meta name=\"robots\" content=\"index, follow, max-snippet:-1, max-image-preview:large, max-video-preview:-1\" \/>\n<link rel=\"canonical\" href=\"https:\/\/www.caminsvius.com\/es\/ruta-del-centenario\/\" \/>\n<meta property=\"og:locale\" content=\"es_ES\" \/>\n<meta property=\"og:type\" content=\"article\" \/>\n<meta property=\"og:title\" content=\"Camins Vius | La ruta del Centenario, de Bo\u00ed a Espot\" \/>\n<meta property=\"og:description\" content=\"En el transcurso de este recorrido descubrir\u00e1s algunas de las zonas m\u00e1s emblem\u00e1ticas que dan nombre al Parque pasando por el gran puerto del Portarr\u00f3.\" \/>\n<meta property=\"og:url\" content=\"https:\/\/www.caminsvius.com\/es\/ruta-del-centenario\/\" \/>\n<meta property=\"og:site_name\" content=\"Camins Vius\" \/>\n<meta property=\"article:modified_time\" content=\"2017-05-04T15:46:16+00:00\" \/>\n<meta name=\"twitter:card\" content=\"summary_large_image\" \/>\n<meta name=\"twitter:label1\" content=\"Tiempo de lectura\" \/>\n\t<meta name=\"twitter:data1\" content=\"6 minutos\" \/>\n<script type=\"application\/ld+json\" class=\"yoast-schema-graph\">{\"@context\":\"https:\/\/schema.org\",\"@graph\":[{\"@type\":\"WebPage\",\"@id\":\"https:\/\/www.caminsvius.com\/es\/ruta-del-centenario\/\",\"url\":\"https:\/\/www.caminsvius.com\/es\/ruta-del-centenario\/\",\"name\":\"Camins Vius | La ruta del Centenario, de Bo\u00ed a Espot\",\"isPartOf\":{\"@id\":\"https:\/\/www.caminsvius.com\/#website\"},\"datePublished\":\"2017-04-26T09:31:53+00:00\",\"dateModified\":\"2017-05-04T15:46:16+00:00\",\"description\":\"En el transcurso de este recorrido descubrir\u00e1s algunas de las zonas m\u00e1s emblem\u00e1ticas que dan nombre al Parque pasando por el gran puerto del Portarr\u00f3.\",\"breadcrumb\":{\"@id\":\"https:\/\/www.caminsvius.com\/es\/ruta-del-centenario\/#breadcrumb\"},\"inLanguage\":\"es\",\"potentialAction\":[{\"@type\":\"ReadAction\",\"target\":[\"https:\/\/www.caminsvius.com\/es\/ruta-del-centenario\/\"]}]},{\"@type\":\"BreadcrumbList\",\"@id\":\"https:\/\/www.caminsvius.com\/es\/ruta-del-centenario\/#breadcrumb\",\"itemListElement\":[{\"@type\":\"ListItem\",\"position\":1,\"name\":\"Portada\",\"item\":\"https:\/\/www.caminsvius.com\/es\/\"},{\"@type\":\"ListItem\",\"position\":2,\"name\":\"Ruta del Centenario\"}]},{\"@type\":\"WebSite\",\"@id\":\"https:\/\/www.caminsvius.com\/#website\",\"url\":\"https:\/\/www.caminsvius.com\/\",\"name\":\"Camins Vius\",\"description\":\"Camins Vius\",\"publisher\":{\"@id\":\"https:\/\/www.caminsvius.com\/#organization\"},\"potentialAction\":[{\"@type\":\"SearchAction\",\"target\":{\"@type\":\"EntryPoint\",\"urlTemplate\":\"https:\/\/www.caminsvius.com\/?s={search_term_string}\"},\"query-input\":{\"@type\":\"PropertyValueSpecification\",\"valueRequired\":true,\"valueName\":\"search_term_string\"}}],\"inLanguage\":\"es\"},{\"@type\":\"Organization\",\"@id\":\"https:\/\/www.caminsvius.com\/#organization\",\"name\":\"Camins Vius\",\"url\":\"https:\/\/www.caminsvius.com\/\",\"logo\":{\"@type\":\"ImageObject\",\"inLanguage\":\"es\",\"@id\":\"https:\/\/www.caminsvius.com\/#\/schema\/logo\/image\/\",\"url\":\"https:\/\/www.caminsvius.com\/wp-content\/uploads\/2016\/12\/logo_caminsvius.png\",\"contentUrl\":\"https:\/\/www.caminsvius.com\/wp-content\/uploads\/2016\/12\/logo_caminsvius.png\",\"width\":659,\"height\":410,\"caption\":\"Camins Vius\"},\"image\":{\"@id\":\"https:\/\/www.caminsvius.com\/#\/schema\/logo\/image\/\"}}]}<\/script>\n<!-- \/ Yoast SEO plugin. -->","yoast_head_json":{"title":"Camins Vius | La ruta del Centenario, de Bo\u00ed a Espot","description":"En el transcurso de este recorrido descubrir\u00e1s algunas de las zonas m\u00e1s emblem\u00e1ticas que dan nombre al Parque pasando por el gran puerto del Portarr\u00f3.","robots":{"index":"index","follow":"follow","max-snippet":"max-snippet:-1","max-image-preview":"max-image-preview:large","max-video-preview":"max-video-preview:-1"},"canonical":"https:\/\/www.caminsvius.com\/es\/ruta-del-centenario\/","og_locale":"es_ES","og_type":"article","og_title":"Camins Vius | La ruta del Centenario, de Bo\u00ed a Espot","og_description":"En el transcurso de este recorrido descubrir\u00e1s algunas de las zonas m\u00e1s emblem\u00e1ticas que dan nombre al Parque pasando por el gran puerto del Portarr\u00f3.","og_url":"https:\/\/www.caminsvius.com\/es\/ruta-del-centenario\/","og_site_name":"Camins Vius","article_modified_time":"2017-05-04T15:46:16+00:00","twitter_card":"summary_large_image","twitter_misc":{"Tiempo de lectura":"6 minutos"},"schema":{"@context":"https:\/\/schema.org","@graph":[{"@type":"WebPage","@id":"https:\/\/www.caminsvius.com\/es\/ruta-del-centenario\/","url":"https:\/\/www.caminsvius.com\/es\/ruta-del-centenario\/","name":"Camins Vius | La ruta del Centenario, de Bo\u00ed a Espot","isPartOf":{"@id":"https:\/\/www.caminsvius.com\/#website"},"datePublished":"2017-04-26T09:31:53+00:00","dateModified":"2017-05-04T15:46:16+00:00","description":"En el transcurso de este recorrido descubrir\u00e1s algunas de las zonas m\u00e1s emblem\u00e1ticas que dan nombre al Parque pasando por el gran puerto del Portarr\u00f3.","breadcrumb":{"@id":"https:\/\/www.caminsvius.com\/es\/ruta-del-centenario\/#breadcrumb"},"inLanguage":"es","potentialAction":[{"@type":"ReadAction","target":["https:\/\/www.caminsvius.com\/es\/ruta-del-centenario\/"]}]},{"@type":"BreadcrumbList","@id":"https:\/\/www.caminsvius.com\/es\/ruta-del-centenario\/#breadcrumb","itemListElement":[{"@type":"ListItem","position":1,"name":"Portada","item":"https:\/\/www.caminsvius.com\/es\/"},{"@type":"ListItem","position":2,"name":"Ruta del Centenario"}]},{"@type":"WebSite","@id":"https:\/\/www.caminsvius.com\/#website","url":"https:\/\/www.caminsvius.com\/","name":"Camins Vius","description":"Camins Vius","publisher":{"@id":"https:\/\/www.caminsvius.com\/#organization"},"potentialAction":[{"@type":"SearchAction","target":{"@type":"EntryPoint","urlTemplate":"https:\/\/www.caminsvius.com\/?s={search_term_string}"},"query-input":{"@type":"PropertyValueSpecification","valueRequired":true,"valueName":"search_term_string"}}],"inLanguage":"es"},{"@type":"Organization","@id":"https:\/\/www.caminsvius.com\/#organization","name":"Camins Vius","url":"https:\/\/www.caminsvius.com\/","logo":{"@type":"ImageObject","inLanguage":"es","@id":"https:\/\/www.caminsvius.com\/#\/schema\/logo\/image\/","url":"https:\/\/www.caminsvius.com\/wp-content\/uploads\/2016\/12\/logo_caminsvius.png","contentUrl":"https:\/\/www.caminsvius.com\/wp-content\/uploads\/2016\/12\/logo_caminsvius.png","width":659,"height":410,"caption":"Camins Vius"},"image":{"@id":"https:\/\/www.caminsvius.com\/#\/schema\/logo\/image\/"}}]}},"_links":{"self":[{"href":"https:\/\/www.caminsvius.com\/es\/wp-json\/wp\/v2\/pages\/1126","targetHints":{"allow":["GET"]}}],"collection":[{"href":"https:\/\/www.caminsvius.com\/es\/wp-json\/wp\/v2\/pages"}],"about":[{"href":"https:\/\/www.caminsvius.com\/es\/wp-json\/wp\/v2\/types\/page"}],"author":[{"embeddable":true,"href":"https:\/\/www.caminsvius.com\/es\/wp-json\/wp\/v2\/users\/4"}],"replies":[{"embeddable":true,"href":"https:\/\/www.caminsvius.com\/es\/wp-json\/wp\/v2\/comments?post=1126"}],"version-history":[{"count":6,"href":"https:\/\/www.caminsvius.com\/es\/wp-json\/wp\/v2\/pages\/1126\/revisions"}],"predecessor-version":[{"id":1181,"href":"https:\/\/www.caminsvius.com\/es\/wp-json\/wp\/v2\/pages\/1126\/revisions\/1181"}],"wp:attachment":[{"href":"https:\/\/www.caminsvius.com\/es\/wp-json\/wp\/v2\/media?parent=1126"}],"curies":[{"name":"wp","href":"https:\/\/api.w.org\/{rel}","templated":true}]}}