{"id":413,"date":"2016-12-19T12:47:35","date_gmt":"2016-12-19T11:47:35","guid":{"rendered":"http:\/\/www.caminsvius.com\/?page_id=413\/"},"modified":"2018-01-18T11:05:23","modified_gmt":"2018-01-18T10:05:23","slug":"inicio","status":"publish","type":"page","link":"https:\/\/www.caminsvius.com\/es\/","title":{"rendered":"Inicio"},"content":{"rendered":"<p>[et_pb_section bb_built=\u00bb1&#8243; admin_label=\u00bbsection\u00bb background_image=\u00bbontent\/uploads\/2016\/12\/PARQUE-NACIONAL-AIGUESTORTES-940&#215;420.jpg\u00bb padding_mobile=\u00bboff\u00bb fullwidth=\u00bbon\u00bb custom_padding_tablet=\u00bb50px|0|50px|0&#8243; custom_padding_last_edited=\u00bbon|desktop\u00bb][et_pb_fullwidth_slider show_arrows=\u00bboff\u00bb show_pagination=\u00bboff\u00bb button_use_icon=\u00bboff\u00bb custom_button=\u00bbon\u00bb button_border_radius_hover=\u00bb0px\u00bb button_border_radius=\u00bb0px\u00bb button_text_size=\u00bb20px\u00bb auto=\u00bboff\u00bb auto_ignore_hover=\u00bboff\u00bb parallax=\u00bboff\u00bb parallax_method=\u00bboff\u00bb remove_inner_shadow=\u00bboff\u00bb background_position=\u00bbdefault\u00bb background_size=\u00bbdefault\u00bb hide_content_on_mobile=\u00bboff\u00bb hide_cta_on_mobile=\u00bboff\u00bb show_image_video_mobile=\u00bboff\u00bb button_letter_spacing=\u00bb0&#8243; button_icon_placement=\u00bbright\u00bb button_on_hover=\u00bbon\u00bb button_letter_spacing_hover=\u00bb0&#8243; custom_padding=\u00bb|||\u00bb custom_padding_tablet=\u00bb|||\u00bb custom_padding_phone=\u00bb|||\u00bb show_inner_shadow=\u00bbon\u00bb show_content_on_mobile=\u00bbon\u00bb show_cta_on_mobile=\u00bbon\u00bb][et_pb_slide heading=\u00bbCaminos hist\u00f3ricos\u00bb button_text=\u00bbLeer m\u00e1s\u00bb button_link=\u00bbhttp:\/\/www.caminsvius.com\/es\/territorio\/\u00bb background_image=\u00bbhttp:\/\/www.caminsvius.com\/wp-content\/uploads\/2016\/12\/Estany_Sant_Maurici_Aiguestortes.jpg\u00bb background_color=\u00bbrgba(244,244,244,0)\u00bb image=\u00bbhttp:\/\/www.caminsvius.com\/wp-content\/uploads\/2016\/12\/Logo-blanco-Camins-Vius.png\u00bb use_bg_overlay=\u00bboff\u00bb use_text_overlay=\u00bboff\u00bb header_font=\u00bbLato||||\u00bb header_font_size=\u00bb35px\u00bb header_font_size_tablet=\u00bb35px\u00bb header_font_size_phone=\u00bb35px\u00bb body_font=\u00bbLato||||\u00bb body_font_size=\u00bb18px\u00bb body_font_size_tablet=\u00bb18px\u00bb body_font_size_phone=\u00bb18px\u00bb custom_button=\u00bbon\u00bb button_bg_color=\u00bb#2db54e\u00bb button_border_color=\u00bb#2db54e\u00bb button_font=\u00bb||||\u00bb button_use_icon=\u00bbdefault\u00bb button_icon_placement=\u00bbright\u00bb button_on_hover=\u00bbon\u00bb background_position=\u00bbdefault\u00bb background_size=\u00bbdefault\u00bb alignment=\u00bbcenter\u00bb background_layout=\u00bbdark\u00bb allow_player_pause=\u00bboff\u00bb text_border_radius=\u00bb3&#8243; header_font_select=\u00bbLato\u00bb body_font_select=\u00bbLato\u00bb button_font_select=\u00bbdefault\u00bb]<\/p>\n<p>Descubre los caminos que se utilizaban antiguamente en la zona de influencia del Parque Nacional de Aig\u00fcestortes i\u00a0Estany de\u00a0Sant Maurici<\/p>\n<p>[\/et_pb_slide][\/et_pb_fullwidth_slider][\/et_pb_section][et_pb_section bb_built=\u00bb1&#8243; admin_label=\u00bbsection\u00bb padding_mobile=\u00bboff\u00bb custom_padding_tablet=\u00bb50px|0|50px|0&#8243; custom_padding_last_edited=\u00bbon|desktop\u00bb][et_pb_row admin_label=\u00bbFila\u00bb parallax_method_1=\u00bboff\u00bb background_position=\u00bbtop_left\u00bb background_repeat=\u00bbrepeat\u00bb background_size=\u00bbinitial\u00bb][et_pb_column type=\u00bb4_4&#8243;][et_pb_text admin_label=\u00bbTexto\u00bb text_orientation=\u00bbcenter\u00bb header_font=\u00bb|on|||\u00bb header_text_color=\u00bb#000000&#8243; text_font=\u00bb|on|||\u00bb text_font_size=\u00bb16&#8243; text_text_color=\u00bb#000000&#8243; background_position=\u00bbtop_left\u00bb background_repeat=\u00bbrepeat\u00bb background_size=\u00bbinitial\u00bb module_alignment=\u00bbcenter\u00bb]<\/p>\n<h1>Camins Vius<\/h1>\n<p>[\/et_pb_text][et_pb_divider admin_label=\u00bbSeparador\u00bb disabled_on=\u00bbon|on|off\u00bb \/][et_pb_text admin_label=\u00bbTexto\u00bb text_orientation=\u00bbcenter\u00bb header_font=\u00bbLato Light||||\u00bb header_text_color=\u00bb#000000&#8243; text_font=\u00bbLato Light||||\u00bb text_font_size=\u00bb50&#8243; text_text_color=\u00bb#000000&#8243; text_line_height=\u00bb1.3em\u00bb background_position=\u00bbtop_left\u00bb background_repeat=\u00bbrepeat\u00bb background_size=\u00bbinitial\u00bb module_alignment=\u00bbcenter\u00bb]<\/p>\n<p>La vuelta a pie al Parque Nacional<\/p>\n<p>[\/et_pb_text][\/et_pb_column][\/et_pb_row][et_pb_row admin_label=\u00bbrow\u00bb use_custom_width=\u00bbon\u00bb width_unit=\u00bboff\u00bb custom_width_percent=\u00bb50%\u00bb padding_mobile=\u00bboff\u00bb column_padding_mobile=\u00bbon\u00bb parallax_method_1=\u00bboff\u00bb background_position=\u00bbtop_left\u00bb background_repeat=\u00bbrepeat\u00bb background_size=\u00bbinitial\u00bb][et_pb_column type=\u00bb4_4&#8243;][et_pb_divider admin_label=\u00bbSeparador\u00bb height=\u00bb5&#8243; disabled_on=\u00bbon|on|off\u00bb \/][et_pb_text admin_label=\u00bbTexto\u00bb text_orientation=\u00bbcenter\u00bb header_font=\u00bbLato||||\u00bb text_font=\u00bbLato||||\u00bb text_font_size=\u00bb18&#8243; text_text_color=\u00bb#27323a\u00bb text_line_height=\u00bb1.8em\u00bb background_layout=\u00bblight\u00bb use_border_color=\u00bboff\u00bb border_color=\u00bb#ffffff\u00bb border_style=\u00bbsolid\u00bb background_position=\u00bbtop_left\u00bb background_repeat=\u00bbrepeat\u00bb background_size=\u00bbinitial\u00bb module_alignment=\u00bbcenter\u00bb]<\/p>\n<p>Camins Vius nace como una iniciativa de turismo de naturaleza que permite recuperar, valorar, se\u00f1alizar y conservar los caminos hist\u00f3ricos del entorno del Parque Nacional de Aig\u00fcestortes i Estany de Sant Maurici para el senderismo.<\/p>\n<p>La red de Camins Vius pasa por la Alta Ribagor\u00e7a, la Val d&#8217;Aran, Pallars Sobir\u00e0 y el Pallars Juss\u00e0 conformando un recorrido de 238 km para recorrer y disfrutar de los paisajes naturales, la historia y cultura que expresan.<\/p>\n<p>[\/et_pb_text][\/et_pb_column][\/et_pb_row][\/et_pb_section][et_pb_section bb_built=\u00bb1&#8243;][et_pb_row use_custom_width=\u00bbon\u00bb width_unit=\u00bboff\u00bb custom_width_percent=\u00bb50%\u00bb parallax_method_1=\u00bboff\u00bb background_position=\u00bbtop_left\u00bb background_repeat=\u00bbrepeat\u00bb background_size=\u00bbinitial\u00bb][et_pb_column type=\u00bb4_4&#8243;][et_pb_image src=\u00bbhttp:\/\/www.caminsvius.com\/wp-content\/uploads\/2017\/01\/mapa-CAST.png\u00bb alt=\u00bbMapa senderismo Camins Vius\u00bb title_text=\u00bbMapa senderismo Camins Vius\u00bb animation=\u00bboff\u00bb align=\u00bbcenter\u00bb animation_style=\u00bbnone\u00bb animation_duration=\u00bb1000ms\u00bb animation_intensity_slide=\u00bb50%\u00bb show_bottom_space=\u00bbon\u00bb \/][\/et_pb_column][\/et_pb_row][et_pb_row use_custom_width=\u00bbon\u00bb width_unit=\u00bboff\u00bb custom_width_percent=\u00bb50%\u00bb parallax_method_1=\u00bboff\u00bb background_position=\u00bbtop_left\u00bb background_repeat=\u00bbrepeat\u00bb background_size=\u00bbinitial\u00bb][et_pb_column type=\u00bb4_4&#8243;][et_pb_text text_orientation=\u00bbcenter\u00bb text_font_size=\u00bb16&#8243; background_layout=\u00bblight\u00bb use_border_color=\u00bboff\u00bb border_color=\u00bb#ffffff\u00bb border_style=\u00bbsolid\u00bb background_position=\u00bbtop_left\u00bb background_repeat=\u00bbrepeat\u00bb background_size=\u00bbinitial\u00bb module_alignment=\u00bbcenter\u00bb]<\/p>\n<p>Los amantes del senderismo se pueden acercar a esta ruta autoguiada, que se acerca a los 238 km de longitud, a partir de las poblaciones de Vielha, Espot y Bo\u00ed. Los puntos de salida por lo tanto, var\u00edan en funci\u00f3n de las expectativas de los visitantes y la duraci\u00f3n oscila entre 5 y 9 d\u00edas en jornadas de 6 a 8 horas.<\/p>\n<p>[\/et_pb_text][\/et_pb_column][\/et_pb_row][\/et_pb_section][et_pb_section bb_built=\u00bb1&#8243; admin_label=\u00bbSecci\u00f3n\u00bb][et_pb_row admin_label=\u00bbFila\u00bb background_position=\u00bbtop_left\u00bb background_repeat=\u00bbrepeat\u00bb background_size=\u00bbinitial\u00bb][et_pb_column type=\u00bb4_4&#8243;][et_pb_text admin_label=\u00bbTexto\u00bb text_orientation=\u00bbcenter\u00bb header_font=\u00bb|on|||\u00bb header_text_color=\u00bb#000000&#8243; text_font=\u00bb|on|||\u00bb text_font_size=\u00bb25&#8243; text_text_color=\u00bb#000000&#8243; background_position=\u00bbtop_left\u00bb background_repeat=\u00bbrepeat\u00bb background_size=\u00bbinitial\u00bb module_alignment=\u00bbcenter\u00bb]<\/p>\n<p>Itinerarios que te proponemos<\/p>\n<p>[\/et_pb_text][\/et_pb_column][\/et_pb_row][et_pb_row admin_label=\u00bbFila\u00bb padding_mobile=\u00bboff\u00bb column_padding_mobile=\u00bbon\u00bb parallax_method_1=\u00bboff\u00bb parallax_method_2=\u00bboff\u00bb background_position=\u00bbtop_left\u00bb background_repeat=\u00bbrepeat\u00bb background_size=\u00bbinitial\u00bb][et_pb_column type=\u00bb1_2&#8243;][et_pb_slider admin_label=\u00bbDeslizador\u00bb custom_padding=\u00bb|||\u00bb custom_padding_tablet=\u00bb|||\u00bb custom_padding_phone=\u00bb|||\u00bb show_inner_shadow=\u00bbon\u00bb show_content_on_mobile=\u00bbon\u00bb show_cta_on_mobile=\u00bbon\u00bb][et_pb_slide heading=\u00bbCamins Vius en 5 etapas\u00bb button_text=\u00bb\u00a1\u00c9chale un vistazo!\u00bb button_link=\u00bbhttp:\/\/www.caminsvius.com\/es\/5-etapas\/\u00bb background_image=\u00bbhttp:\/\/www.caminsvius.com\/wp-content\/uploads\/2016\/12\/encantats.jpg\u00bb use_bg_overlay=\u00bbon\u00bb use_text_overlay=\u00bboff\u00bb image_alt=\u00bbEncantats\u00bb header_font=\u00bb||||\u00bb header_font_size=\u00bb25&#8243; header_font_size_tablet=\u00bb30&#8243; header_font_size_phone=\u00bb30&#8243; body_font=\u00bb||||\u00bb custom_button=\u00bbon\u00bb button_text_size=\u00bb16&#8243; button_text_color=\u00bb#ffffff\u00bb button_bg_color=\u00bb#2db54e\u00bb button_border_color=\u00bb#2db54e\u00bb button_border_radius=\u00bb0&#8243; button_font=\u00bb||||\u00bb button_use_icon=\u00bboff\u00bb button_text_color_hover=\u00bb#ffffff\u00bb button_bg_color_hover=\u00bb#2db54e\u00bb button_border_color_hover=\u00bb#2db54e\u00bb button_border_radius_hover=\u00bb0&#8243; button_text_size_tablet=\u00bb16&#8243; button_text_size_phone=\u00bb16&#8243;][\/et_pb_slide][\/et_pb_slider][\/et_pb_column][et_pb_column type=\u00bb1_2&#8243;][et_pb_slider admin_label=\u00bbDeslizador\u00bb show_pagination=\u00bboff\u00bb custom_padding=\u00bb|||\u00bb custom_padding_tablet=\u00bb|||\u00bb custom_padding_phone=\u00bb|||\u00bb show_inner_shadow=\u00bbon\u00bb show_content_on_mobile=\u00bbon\u00bb show_cta_on_mobile=\u00bbon\u00bb][et_pb_slide heading=\u00bbCamins Vius en 7 etapas\u00bb button_text=\u00bb\u00a1\u00c9chale un vistazo!\u00bb button_link=\u00bbhttp:\/\/www.caminsvius.com\/es\/7-etapas\/\u00bb background_image=\u00bbhttp:\/\/www.caminsvius.com\/wp-content\/uploads\/2017\/01\/Rus.jpg\u00bb use_bg_overlay=\u00bbon\u00bb use_text_overlay=\u00bboff\u00bb image_alt=\u00bbPort de Rus\u00bb header_font=\u00bb||||\u00bb header_font_size=\u00bb25&#8243; header_font_size_tablet=\u00bb30&#8243; header_font_size_phone=\u00bb30&#8243; body_font=\u00bb||||\u00bb custom_button=\u00bbon\u00bb button_text_size=\u00bb16&#8243; button_text_color=\u00bb#ffffff\u00bb button_bg_color=\u00bb#2db54e\u00bb button_border_color=\u00bb#2db54e\u00bb button_border_radius=\u00bb0&#8243; button_font=\u00bb||||\u00bb button_use_icon=\u00bboff\u00bb button_text_color_hover=\u00bb#27323e\u00bb button_bg_color_hover=\u00bb#ffffff\u00bb button_border_color_hover=\u00bb#ffffff\u00bb button_border_radius_hover=\u00bb0&#8243; button_text_size_tablet=\u00bb16&#8243; button_text_size_phone=\u00bb16&#8243;][\/et_pb_slide][\/et_pb_slider][\/et_pb_column][\/et_pb_row][\/et_pb_section][et_pb_section bb_built=\u00bb1&#8243; admin_label=\u00bbSecci\u00f3n\u00bb][et_pb_row admin_label=\u00bbFila\u00bb use_custom_width=\u00bbon\u00bb padding_mobile=\u00bboff\u00bb column_padding_mobile=\u00bbon\u00bb parallax_method_1=\u00bboff\u00bb background_position=\u00bbtop_left\u00bb background_repeat=\u00bbrepeat\u00bb background_size=\u00bbinitial\u00bb _builder_version=\u00bb3.0.96&#8243;][et_pb_column type=\u00bb4_4&#8243;][et_pb_cta admin_label=\u00bbLlamada a la acci\u00f3n\u00bb title=\u00bb\u00a1Esc\u00e1pate un fin de semana!\u00bb button_url=\u00bbhttp:\/\/www.caminsvius.com\/es\/slow-trek\/\u00bb button_text=\u00bbRutas Slow Trek\u00bb use_background_color=\u00bboff\u00bb background_layout=\u00bblight\u00bb header_font=\u00bbLato||||\u00bb header_text_color=\u00bb#27323a\u00bb body_font=\u00bbLato||||\u00bb body_font_size=\u00bb16&#8243; custom_button=\u00bbon\u00bb button_text_size=\u00bb16&#8243; button_text_color=\u00bb#27323a\u00bb button_border_color=\u00bb#27323a\u00bb button_border_radius=\u00bb0&#8243; button_use_icon=\u00bboff\u00bb button_text_color_hover=\u00bb#27323e\u00bb button_bg_color_hover=\u00bbrgba(255,255,255,0)\u00bb button_border_color_hover=\u00bb#27323e\u00bb button_border_radius_hover=\u00bb0&#8243; background_position=\u00bbtop_left\u00bb background_repeat=\u00bbrepeat\u00bb background_size=\u00bbinitial\u00bb _builder_version=\u00bb3.0.96&#8243; url_new_window=\u00bboff\u00bb button_icon_placement=\u00bbright\u00bb]<\/p>\n<p>Camins Vius est\u00e1 pensado para todos los p\u00fablicos, tambi\u00e9n para aquellos que s\u00f3lo quieren realizar una estancia corta y disfrutar a la vez del entorno patrimonial.<\/p>\n<p>[\/et_pb_cta][\/et_pb_column][\/et_pb_row][\/et_pb_section]<\/p>\n","protected":false},"excerpt":{"rendered":"<p>[et_pb_section bb_built=\u00bb1&#8243; admin_label=\u00bbsection\u00bb background_image=\u00bbontent\/uploads\/2016\/12\/PARQUE-NACIONAL-AIGUESTORTES-940&#215;420.jpg\u00bb padding_mobile=\u00bboff\u00bb fullwidth=\u00bbon\u00bb custom_padding_tablet=\u00bb50px|0|50px|0&#8243; custom_padding_last_edited=\u00bbon|desktop\u00bb][et_pb_fullwidth_slider show_arrows=\u00bboff\u00bb show_pagination=\u00bboff\u00bb button_use_icon=\u00bboff\u00bb custom_button=\u00bbon\u00bb button_border_radius_hover=\u00bb0px\u00bb button_border_radius=\u00bb0px\u00bb button_text_size=\u00bb20px\u00bb auto=\u00bboff\u00bb auto_ignore_hover=\u00bboff\u00bb parallax=\u00bboff\u00bb parallax_method=\u00bboff\u00bb remove_inner_shadow=\u00bboff\u00bb background_position=\u00bbdefault\u00bb background_size=\u00bbdefault\u00bb hide_content_on_mobile=\u00bboff\u00bb hide_cta_on_mobile=\u00bboff\u00bb show_image_video_mobile=\u00bboff\u00bb button_letter_spacing=\u00bb0&#8243; button_icon_placement=\u00bbright\u00bb button_on_hover=\u00bbon\u00bb button_letter_spacing_hover=\u00bb0&#8243; custom_padding=\u00bb|||\u00bb custom_padding_tablet=\u00bb|||\u00bb custom_padding_phone=\u00bb|||\u00bb show_inner_shadow=\u00bbon\u00bb show_content_on_mobile=\u00bbon\u00bb show_cta_on_mobile=\u00bbon\u00bb][et_pb_slide heading=\u00bbCaminos hist\u00f3ricos\u00bb button_text=\u00bbLeer m\u00e1s\u00bb button_link=\u00bbhttp:\/\/www.caminsvius.com\/es\/territorio\/\u00bb background_image=\u00bbhttp:\/\/www.caminsvius.com\/wp-content\/uploads\/2016\/12\/Estany_Sant_Maurici_Aiguestortes.jpg\u00bb background_color=\u00bbrgba(244,244,244,0)\u00bb image=\u00bbhttp:\/\/www.caminsvius.com\/wp-content\/uploads\/2016\/12\/Logo-blanco-Camins-Vius.png\u00bb use_bg_overlay=\u00bboff\u00bb use_text_overlay=\u00bboff\u00bb header_font=\u00bbLato||||\u00bb header_font_size=\u00bb35px\u00bb header_font_size_tablet=\u00bb35px\u00bb header_font_size_phone=\u00bb35px\u00bb body_font=\u00bbLato||||\u00bb body_font_size=\u00bb18px\u00bb body_font_size_tablet=\u00bb18px\u00bb body_font_size_phone=\u00bb18px\u00bb custom_button=\u00bbon\u00bb button_bg_color=\u00bb#2db54e\u00bb [&hellip;]<\/p>\n","protected":false},"author":4,"featured_media":0,"parent":0,"menu_order":0,"comment_status":"closed","ping_status":"closed","template":"","meta":{"_et_pb_use_builder":"on","_et_pb_old_content":"<p><b><\/b><span style=\"font-weight: 400;\">La ruta <\/span><b>Camins vius <\/b><span style=\"font-weight: 400;\">uneix entre si diferents comarques, valls i nuclis habitats, donant a con\u00e8ixer l\u2019ingent patrimoni cultural d\u2019aquesta part dels Pirineus.<\/span><\/p><p><span style=\"font-weight: 400;\">238 km de camins per a rec\u00f3rrer ens garanteixen el coneixement dels paisatges humans i naturals dels recorreguts, i descobrir la hist\u00f2ria i la cultura que expressen; camins que comuniquen les sis valls que acullen l\u2019actual Parc Nacional d\u2019Aig\u00fcestortes i Estany de Sant Maurici: valls d'\u00c0neu, vall d\u2019\u00c0ssua, vall Fosca, vall de Bo\u00ed, vall de Barrav\u00e9s i vall d\u2019Aran, a trav\u00e9s de tres ports hist\u00f2rics: port de Vielha, port de la Bonaigua i port de Rus.<\/span><\/p>","_et_gb_content_width":"","footnotes":""},"class_list":["post-413","page","type-page","status-publish","hentry"],"yoast_head":"<!-- This site is optimized with the Yoast SEO plugin v23.9 - https:\/\/yoast.com\/wordpress\/plugins\/seo\/ -->\n<title>Camins Vius | Senderismo, cultura y naturaleza<\/title>\n<meta name=\"description\" content=\"La iniciativa de turismo de naturaleza que permite recuperar y conservar los caminos hist\u00f3ricos alrededor del PN d\u2019Aig\u00fcestortes i Estany de Sant Maurici.\" \/>\n<meta name=\"robots\" content=\"index, follow, max-snippet:-1, max-image-preview:large, max-video-preview:-1\" \/>\n<link rel=\"canonical\" href=\"https:\/\/www.caminsvius.com\/es\/\" \/>\n<meta property=\"og:locale\" content=\"es_ES\" \/>\n<meta property=\"og:type\" content=\"article\" \/>\n<meta property=\"og:title\" content=\"Camins Vius | Senderismo, cultura y naturaleza\" \/>\n<meta property=\"og:description\" content=\"La iniciativa de turismo de naturaleza que permite recuperar y conservar los caminos hist\u00f3ricos alrededor del PN d\u2019Aig\u00fcestortes i Estany de Sant Maurici.\" \/>\n<meta property=\"og:url\" content=\"https:\/\/www.caminsvius.com\/es\/\" \/>\n<meta property=\"og:site_name\" content=\"Camins Vius\" \/>\n<meta property=\"article:modified_time\" content=\"2018-01-18T10:05:23+00:00\" \/>\n<meta name=\"twitter:card\" content=\"summary_large_image\" \/>\n<meta name=\"twitter:label1\" content=\"Tiempo de lectura\" \/>\n\t<meta name=\"twitter:data1\" content=\"8 minutos\" \/>\n<script type=\"application\/ld+json\" class=\"yoast-schema-graph\">{\"@context\":\"https:\/\/schema.org\",\"@graph\":[{\"@type\":\"WebPage\",\"@id\":\"https:\/\/www.caminsvius.com\/es\/\",\"url\":\"https:\/\/www.caminsvius.com\/es\/\",\"name\":\"Camins Vius | Senderismo, cultura y naturaleza\",\"isPartOf\":{\"@id\":\"https:\/\/www.caminsvius.com\/#website\"},\"datePublished\":\"2016-12-19T11:47:35+00:00\",\"dateModified\":\"2018-01-18T10:05:23+00:00\",\"description\":\"La iniciativa de turismo de naturaleza que permite recuperar y conservar los caminos hist\u00f3ricos alrededor del PN d\u2019Aig\u00fcestortes i Estany de Sant Maurici.\",\"breadcrumb\":{\"@id\":\"https:\/\/www.caminsvius.com\/es\/#breadcrumb\"},\"inLanguage\":\"es\",\"potentialAction\":[{\"@type\":\"ReadAction\",\"target\":[\"https:\/\/www.caminsvius.com\/es\/\"]}]},{\"@type\":\"BreadcrumbList\",\"@id\":\"https:\/\/www.caminsvius.com\/es\/#breadcrumb\",\"itemListElement\":[{\"@type\":\"ListItem\",\"position\":1,\"name\":\"Portada\",\"item\":\"https:\/\/www.caminsvius.com\/es\/\"},{\"@type\":\"ListItem\",\"position\":2,\"name\":\"Inicio\"}]},{\"@type\":\"WebSite\",\"@id\":\"https:\/\/www.caminsvius.com\/#website\",\"url\":\"https:\/\/www.caminsvius.com\/\",\"name\":\"Camins Vius\",\"description\":\"Camins Vius\",\"publisher\":{\"@id\":\"https:\/\/www.caminsvius.com\/#organization\"},\"potentialAction\":[{\"@type\":\"SearchAction\",\"target\":{\"@type\":\"EntryPoint\",\"urlTemplate\":\"https:\/\/www.caminsvius.com\/?s={search_term_string}\"},\"query-input\":{\"@type\":\"PropertyValueSpecification\",\"valueRequired\":true,\"valueName\":\"search_term_string\"}}],\"inLanguage\":\"es\"},{\"@type\":\"Organization\",\"@id\":\"https:\/\/www.caminsvius.com\/#organization\",\"name\":\"Camins Vius\",\"url\":\"https:\/\/www.caminsvius.com\/\",\"logo\":{\"@type\":\"ImageObject\",\"inLanguage\":\"es\",\"@id\":\"https:\/\/www.caminsvius.com\/#\/schema\/logo\/image\/\",\"url\":\"https:\/\/www.caminsvius.com\/wp-content\/uploads\/2016\/12\/logo_caminsvius.png\",\"contentUrl\":\"https:\/\/www.caminsvius.com\/wp-content\/uploads\/2016\/12\/logo_caminsvius.png\",\"width\":659,\"height\":410,\"caption\":\"Camins Vius\"},\"image\":{\"@id\":\"https:\/\/www.caminsvius.com\/#\/schema\/logo\/image\/\"}}]}<\/script>\n<!-- \/ Yoast SEO plugin. -->","yoast_head_json":{"title":"Camins Vius | Senderismo, cultura y naturaleza","description":"La iniciativa de turismo de naturaleza que permite recuperar y conservar los caminos hist\u00f3ricos alrededor del PN d\u2019Aig\u00fcestortes i Estany de Sant Maurici.","robots":{"index":"index","follow":"follow","max-snippet":"max-snippet:-1","max-image-preview":"max-image-preview:large","max-video-preview":"max-video-preview:-1"},"canonical":"https:\/\/www.caminsvius.com\/es\/","og_locale":"es_ES","og_type":"article","og_title":"Camins Vius | Senderismo, cultura y naturaleza","og_description":"La iniciativa de turismo de naturaleza que permite recuperar y conservar los caminos hist\u00f3ricos alrededor del PN d\u2019Aig\u00fcestortes i Estany de Sant Maurici.","og_url":"https:\/\/www.caminsvius.com\/es\/","og_site_name":"Camins Vius","article_modified_time":"2018-01-18T10:05:23+00:00","twitter_card":"summary_large_image","twitter_misc":{"Tiempo de lectura":"8 minutos"},"schema":{"@context":"https:\/\/schema.org","@graph":[{"@type":"WebPage","@id":"https:\/\/www.caminsvius.com\/es\/","url":"https:\/\/www.caminsvius.com\/es\/","name":"Camins Vius | Senderismo, cultura y naturaleza","isPartOf":{"@id":"https:\/\/www.caminsvius.com\/#website"},"datePublished":"2016-12-19T11:47:35+00:00","dateModified":"2018-01-18T10:05:23+00:00","description":"La iniciativa de turismo de naturaleza que permite recuperar y conservar los caminos hist\u00f3ricos alrededor del PN d\u2019Aig\u00fcestortes i Estany de Sant Maurici.","breadcrumb":{"@id":"https:\/\/www.caminsvius.com\/es\/#breadcrumb"},"inLanguage":"es","potentialAction":[{"@type":"ReadAction","target":["https:\/\/www.caminsvius.com\/es\/"]}]},{"@type":"BreadcrumbList","@id":"https:\/\/www.caminsvius.com\/es\/#breadcrumb","itemListElement":[{"@type":"ListItem","position":1,"name":"Portada","item":"https:\/\/www.caminsvius.com\/es\/"},{"@type":"ListItem","position":2,"name":"Inicio"}]},{"@type":"WebSite","@id":"https:\/\/www.caminsvius.com\/#website","url":"https:\/\/www.caminsvius.com\/","name":"Camins Vius","description":"Camins Vius","publisher":{"@id":"https:\/\/www.caminsvius.com\/#organization"},"potentialAction":[{"@type":"SearchAction","target":{"@type":"EntryPoint","urlTemplate":"https:\/\/www.caminsvius.com\/?s={search_term_string}"},"query-input":{"@type":"PropertyValueSpecification","valueRequired":true,"valueName":"search_term_string"}}],"inLanguage":"es"},{"@type":"Organization","@id":"https:\/\/www.caminsvius.com\/#organization","name":"Camins Vius","url":"https:\/\/www.caminsvius.com\/","logo":{"@type":"ImageObject","inLanguage":"es","@id":"https:\/\/www.caminsvius.com\/#\/schema\/logo\/image\/","url":"https:\/\/www.caminsvius.com\/wp-content\/uploads\/2016\/12\/logo_caminsvius.png","contentUrl":"https:\/\/www.caminsvius.com\/wp-content\/uploads\/2016\/12\/logo_caminsvius.png","width":659,"height":410,"caption":"Camins Vius"},"image":{"@id":"https:\/\/www.caminsvius.com\/#\/schema\/logo\/image\/"}}]}},"_links":{"self":[{"href":"https:\/\/www.caminsvius.com\/es\/wp-json\/wp\/v2\/pages\/413","targetHints":{"allow":["GET"]}}],"collection":[{"href":"https:\/\/www.caminsvius.com\/es\/wp-json\/wp\/v2\/pages"}],"about":[{"href":"https:\/\/www.caminsvius.com\/es\/wp-json\/wp\/v2\/types\/page"}],"author":[{"embeddable":true,"href":"https:\/\/www.caminsvius.com\/es\/wp-json\/wp\/v2\/users\/4"}],"replies":[{"embeddable":true,"href":"https:\/\/www.caminsvius.com\/es\/wp-json\/wp\/v2\/comments?post=413"}],"version-history":[{"count":28,"href":"https:\/\/www.caminsvius.com\/es\/wp-json\/wp\/v2\/pages\/413\/revisions"}],"predecessor-version":[{"id":1136,"href":"https:\/\/www.caminsvius.com\/es\/wp-json\/wp\/v2\/pages\/413\/revisions\/1136"}],"wp:attachment":[{"href":"https:\/\/www.caminsvius.com\/es\/wp-json\/wp\/v2\/media?parent=413"}],"curies":[{"name":"wp","href":"https:\/\/api.w.org\/{rel}","templated":true}]}}